{"id":423,"date":"2023-10-30T13:40:38","date_gmt":"2023-10-30T12:40:38","guid":{"rendered":"https:\/\/www.magdaleneblue.com\/?page_id=423"},"modified":"2025-05-24T13:27:23","modified_gmt":"2025-05-24T11:27:23","slug":"contacto","status":"publish","type":"page","link":"https:\/\/www.magdaleneblue.com\/es\/contact\/","title":{"rendered":"Contacto"},"content":{"rendered":"<div data-elementor-type=\"wp-page\" data-elementor-id=\"423\" class=\"elementor elementor-423\" data-elementor-post-type=\"page\">\n\t\t\t\t\t\t<section class=\"elementor-section elementor-top-section elementor-element elementor-element-89960cb elementor-section-boxed elementor-section-height-default elementor-section-height-default\" data-id=\"89960cb\" data-element_type=\"section\" data-e-type=\"section\" data-settings=\"{&quot;background_background&quot;:&quot;classic&quot;}\">\n\t\t\t\t\t\t\t<div class=\"elementor-background-overlay\"><\/div>\n\t\t\t\t\t\t\t<div class=\"elementor-container elementor-column-gap-default\">\n\t\t\t\t\t<div class=\"elementor-column elementor-col-100 elementor-top-column elementor-element elementor-element-3f50d76\" data-id=\"3f50d76\" data-element_type=\"column\" data-e-type=\"column\">\n\t\t\t<div class=\"elementor-widget-wrap elementor-element-populated\">\n\t\t\t\t\t\t<div class=\"elementor-element elementor-element-2fa1b788 elementor-widget elementor-widget-heading\" data-id=\"2fa1b788\" data-element_type=\"widget\" data-e-type=\"widget\" data-widget_type=\"heading.default\">\n\t\t\t\t<div class=\"elementor-widget-container\">\n\t\t\t\t\t<h1 class=\"elementor-heading-title elementor-size-default\">Cont\u00e1ctame<\/h1>\t\t\t\t<\/div>\n\t\t\t\t<\/div>\n\t\t\t\t\t<\/div>\n\t\t<\/div>\n\t\t\t\t\t<\/div>\n\t\t<\/section>\n\t\t\t\t<section class=\"elementor-section elementor-top-section elementor-element elementor-element-361c8f85 elementor-section-boxed elementor-section-height-default elementor-section-height-default\" data-id=\"361c8f85\" data-element_type=\"section\" data-e-type=\"section\" data-settings=\"{&quot;background_background&quot;:&quot;classic&quot;}\">\n\t\t\t\t\t\t<div class=\"elementor-container elementor-column-gap-default\">\n\t\t\t\t\t<div class=\"elementor-column elementor-col-50 elementor-top-column elementor-element elementor-element-77a6bc5f\" data-id=\"77a6bc5f\" data-element_type=\"column\" data-e-type=\"column\">\n\t\t\t<div class=\"elementor-widget-wrap elementor-element-populated\">\n\t\t\t\t\t\t<div class=\"elementor-element elementor-element-10500e7a elementor-widget elementor-widget-heading\" data-id=\"10500e7a\" data-element_type=\"widget\" data-e-type=\"widget\" data-widget_type=\"heading.default\">\n\t\t\t\t<div class=\"elementor-widget-container\">\n\t\t\t\t\t<h2 class=\"elementor-heading-title elementor-size-default\">Env\u00edanos un mensaje.<\/h2>\t\t\t\t<\/div>\n\t\t\t\t<\/div>\n\t\t\t\t<div class=\"elementor-element elementor-element-7cf5ba9d elementor-widget elementor-widget-text-editor\" data-id=\"7cf5ba9d\" data-element_type=\"widget\" data-e-type=\"widget\" data-widget_type=\"text-editor.default\">\n\t\t\t\t<div class=\"elementor-widget-container\">\n\t\t\t\t\t\t\t\t\t<p id=\"u21826-2\">para m\u00e1s informaci\u00f3n y reservas<\/p>\t\t\t\t\t\t\t\t<\/div>\n\t\t\t\t<\/div>\n\t\t\t\t<div class=\"elementor-element elementor-element-75200096 elementor-widget elementor-widget-elementskit-contact-form7\" data-id=\"75200096\" data-element_type=\"widget\" data-e-type=\"widget\" data-widget_type=\"elementskit-contact-form7.default\">\n\t\t\t\t<div class=\"elementor-widget-container\">\n\t\t\t\t\t<div class=\"ekit-wid-con\" ><div class=\"ekit-form\">\n<div class=\"wpcf7 no-js\" id=\"wpcf7-f5-p423-o1\" lang=\"es-ES\" dir=\"ltr\" data-wpcf7-id=\"5\">\n<div class=\"screen-reader-response\"><p role=\"status\" aria-live=\"polite\" aria-atomic=\"true\"><\/p> <ul><\/ul><\/div>\n<form action=\"\/es\/contacto\/#wpcf7-f5-p423-o1\" method=\"post\" class=\"wpcf7-form init\" aria-label=\"Formulario de contacto\" novalidate=\"novalidate\" data-status=\"init\" data-trp-original-action=\"\/es\/contact\/#wpcf7-f5-p423-o1\">\n<fieldset class=\"hidden-fields-container\"><input type=\"hidden\" name=\"_wpcf7\" value=\"5\" \/><input type=\"hidden\" name=\"_wpcf7_version\" value=\"6.1.5\" \/><input type=\"hidden\" name=\"_wpcf7_locale\" value=\"es_ES\" \/><input type=\"hidden\" name=\"_wpcf7_unit_tag\" value=\"wpcf7-f5-p423-o1\" \/><input type=\"hidden\" name=\"_wpcf7_container_post\" value=\"423\" \/><input type=\"hidden\" name=\"_wpcf7_posted_data_hash\" value=\"\" \/>\n<\/fieldset>\n<p><label for=\"your-name\">tu nombre<\/label>\n<\/p>\n<p><span class=\"wpcf7-form-control-wrap\" data-name=\"your-name\"><input size=\"40\" maxlength=\"400\" class=\"wpcf7-form-control wpcf7-text wpcf7-validates-as-required\" id=\"your-name\" aria-required=\"true\" aria-invalid=\"false\" value=\"\" type=\"text\" name=\"your-name\" \/><\/span>\n<\/p>\n<p><label for=\"your-email\">Tu correo electr\u00f3nico<\/label>\n<\/p>\n<p><span class=\"wpcf7-form-control-wrap\" data-name=\"your-email\"><input size=\"40\" maxlength=\"400\" class=\"wpcf7-form-control wpcf7-email wpcf7-validates-as-required wpcf7-text wpcf7-validates-as-email\" id=\"your-email\" aria-required=\"true\" aria-invalid=\"false\" value=\"\" type=\"email\" name=\"your-email\" \/><\/span>\n<\/p>\n<p><label for=\"your-subject\">Asunto<\/label>\n<\/p>\n<p><span class=\"wpcf7-form-control-wrap\" data-name=\"your-subject\"><input size=\"40\" maxlength=\"400\" class=\"wpcf7-form-control wpcf7-text wpcf7-validates-as-required\" id=\"your-subject\" aria-required=\"true\" aria-invalid=\"false\" value=\"\" type=\"text\" name=\"your-subject\" \/><\/span>\n<\/p>\n<p><span id=\"email-campo-w\" class=\"wpcf7-form-control-wrap email-campo-wrap\" style=\"display:none !important; visibility:hidden !important;\"><label for=\"email-campo\" class=\"hp-message\">Por favor, deja este campo vac\u00edo.<\/label><input id=\"email-campo\"  class=\"wpcf7-form-control wpcf7-text email-campo\" type=\"text\" name=\"email-campo\" value=\"\" size=\"40\" tabindex=\"-1\" autocomplete=\"new-password\" \/><\/span><span id=\"website-campo-w\" class=\"wpcf7-form-control-wrap website-campo-wrap\" style=\"display:none !important; visibility:hidden !important;\"><label for=\"website-campo\" class=\"hp-message\">Por favor, deja este campo vac\u00edo.<\/label><input id=\"website-campo\"  class=\"wpcf7-form-control wpcf7-text website-campo\" type=\"text\" name=\"website-campo\" value=\"\" size=\"40\" tabindex=\"-1\" autocomplete=\"new-password\" \/><\/span>\n<\/p>\n<p><label for=\"your-message\">tu mensaje<\/label>\n<\/p>\n<p><span class=\"wpcf7-form-control-wrap\" data-name=\"your-message\"><textarea cols=\"40\" rows=\"10\" maxlength=\"2000\" class=\"wpcf7-form-control wpcf7-textarea wpcf7-validates-as-required\" id=\"your-message\" aria-required=\"true\" aria-invalid=\"false\" name=\"your-message\"><\/textarea><\/span>\n<\/p>\n<p><span class=\"wpcf7-form-control-wrap\" data-name=\"acceptance-RGPD\"><span class=\"wpcf7-form-control wpcf7-acceptance\"><span class=\"wpcf7-list-item\"><label><input type=\"checkbox\" name=\"acceptance-RGPD\" value=\"1\" aria-invalid=\"false\" \/><span class=\"wpcf7-list-item-label\">He le\u00eddo y acepto la <a href=\"..\/politica-de-privacidad\/\">politica de privacidad<\/a><\/span><\/label><\/span><\/span><\/span>\n<\/p>\n<p><input class=\"wpcf7-form-control wpcf7-submit has-spinner\" type=\"submit\" value=\"Enviar\" \/>\n<\/p>\n<div class=\"wpcf7-response-output\" aria-hidden=\"true\"><\/div>\n<input type=\"hidden\" name=\"trp-form-language\" value=\"es\"\/><\/form>\n<\/div>\n<\/div><\/div>\t\t\t\t<\/div>\n\t\t\t\t<\/div>\n\t\t\t\t<div class=\"elementor-element elementor-element-13429099 elementor-widget elementor-widget-spacer\" data-id=\"13429099\" data-element_type=\"widget\" data-e-type=\"widget\" data-widget_type=\"spacer.default\">\n\t\t\t\t<div class=\"elementor-widget-container\">\n\t\t\t\t\t\t\t<div class=\"elementor-spacer\">\n\t\t\t<div class=\"elementor-spacer-inner\"><\/div>\n\t\t<\/div>\n\t\t\t\t\t\t<\/div>\n\t\t\t\t<\/div>\n\t\t\t\t\t<\/div>\n\t\t<\/div>\n\t\t\t\t<div class=\"elementor-column elementor-col-50 elementor-top-column elementor-element elementor-element-56cabd92\" data-id=\"56cabd92\" data-element_type=\"column\" data-e-type=\"column\" data-settings=\"{&quot;background_background&quot;:&quot;classic&quot;}\">\n\t\t\t<div class=\"elementor-widget-wrap elementor-element-populated\">\n\t\t\t\t\t\t<div class=\"elementor-element elementor-element-5811f6a elementor-widget elementor-widget-heading\" data-id=\"5811f6a\" data-element_type=\"widget\" data-e-type=\"widget\" data-widget_type=\"heading.default\">\n\t\t\t\t<div class=\"elementor-widget-container\">\n\t\t\t\t\t<h3 class=\"elementor-heading-title elementor-size-default\">Informaci\u00f3n de reserva<\/h3>\t\t\t\t<\/div>\n\t\t\t\t<\/div>\n\t\t\t\t<div class=\"elementor-element elementor-element-6013c79b elementor-widget elementor-widget-text-editor\" data-id=\"6013c79b\" data-element_type=\"widget\" data-e-type=\"widget\" data-widget_type=\"text-editor.default\">\n\t\t\t\t<div class=\"elementor-widget-container\">\n\t\t\t\t\t\t\t\t\t<p id=\"u21826-2\"><em>\u00bfTe interesa contratar a Magdalene Blue para tu pr\u00f3ximo evento? Cont\u00e1ctanos.<br \/><\/em><\/p>\t\t\t\t\t\t\t\t<\/div>\n\t\t\t\t<\/div>\n\t\t\t\t<div class=\"elementor-element elementor-element-329c2056 elementor-icon-list--layout-traditional elementor-list-item-link-full_width elementor-widget elementor-widget-icon-list\" data-id=\"329c2056\" data-element_type=\"widget\" data-e-type=\"widget\" data-widget_type=\"icon-list.default\">\n\t\t\t\t<div class=\"elementor-widget-container\">\n\t\t\t\t\t\t\t<ul class=\"elementor-icon-list-items\">\n\t\t\t\t\t\t\t<li class=\"elementor-icon-list-item\">\n\t\t\t\t\t\t\t\t\t\t\t<span class=\"elementor-icon-list-icon\">\n\t\t\t\t\t\t\t<i aria-hidden=\"true\" class=\"fas fa-envelope-open\"><\/i>\t\t\t\t\t\t<\/span>\n\t\t\t\t\t\t\t\t\t\t<span class=\"elementor-icon-list-text\">info@magdaleneblue.com<\/span>\n\t\t\t\t\t\t\t\t\t<\/li>\n\t\t\t\t\t\t\t\t<li class=\"elementor-icon-list-item\">\n\t\t\t\t\t\t\t\t\t\t\t<span class=\"elementor-icon-list-icon\">\n\t\t\t\t\t\t\t<i aria-hidden=\"true\" class=\"fas fa-globe-americas\"><\/i>\t\t\t\t\t\t<\/span>\n\t\t\t\t\t\t\t\t\t\t<span class=\"elementor-icon-list-text\">www.magdaleneblue.com<\/span>\n\t\t\t\t\t\t\t\t\t<\/li>\n\t\t\t\t\t\t\t\t<li class=\"elementor-icon-list-item\">\n\t\t\t\t\t\t\t\t\t\t\t<span class=\"elementor-icon-list-icon\">\n\t\t\t\t\t\t\t<i aria-hidden=\"true\" class=\"fas fa-map-marked-alt\"><\/i>\t\t\t\t\t\t<\/span>\n\t\t\t\t\t\t\t\t\t\t<span class=\"elementor-icon-list-text\">Oviedo, Asturias<\/span>\n\t\t\t\t\t\t\t\t\t<\/li>\n\t\t\t\t\t\t<\/ul>\n\t\t\t\t\t\t<\/div>\n\t\t\t\t<\/div>\n\t\t\t\t\t<\/div>\n\t\t<\/div>\n\t\t\t\t\t<\/div>\n\t\t<\/section>\n\t\t\t\t<\/div>","protected":false},"excerpt":{"rendered":"<p>Contact Me Send us a message. for more info &amp; booking Tu nombre Tu correo electr\u00f3nico Asunto Por favor, deja este campo vac\u00edo.Por favor, deja este campo vac\u00edo. Tu mensaje He le\u00eddo y acepto la pol\u00edtica de privacidad Booking info Are you interested in booking Magdalene Blue for your upcoming event? Get in touch. info@magdaleneblue.com [&hellip;]<\/p>\n","protected":false},"author":1,"featured_media":1278,"parent":0,"menu_order":11,"comment_status":"closed","ping_status":"closed","template":"","meta":{"footnotes":""},"class_list":["post-423","page","type-page","status-publish","has-post-thumbnail","hentry"],"yoast_head":"<!-- This site is optimized with the Yoast SEO plugin v27.4 - https:\/\/yoast.com\/product\/yoast-seo-wordpress\/ -->\n<title>Contact - Magdalene Blue<\/title>\n<meta name=\"description\" content=\"Interested in booking Magdalene Blue for your event? Send a message for more info &amp; booking.\" \/>\n<meta name=\"robots\" content=\"index, follow, max-snippet:-1, max-image-preview:large, max-video-preview:-1\" \/>\n<link rel=\"canonical\" href=\"https:\/\/www.magdaleneblue.com\/es\/contacto\/\" \/>\n<meta property=\"og:locale\" content=\"es_ES\" \/>\n<meta property=\"og:type\" content=\"article\" \/>\n<meta property=\"og:title\" content=\"Contact - Magdalene Blue\" \/>\n<meta property=\"og:description\" content=\"Interested in booking Magdalene Blue for your event? Send a message for more info &amp; booking.\" \/>\n<meta property=\"og:url\" content=\"https:\/\/www.magdaleneblue.com\/es\/contacto\/\" \/>\n<meta property=\"og:site_name\" content=\"Magdalene Blue\" \/>\n<meta property=\"article:modified_time\" content=\"2025-05-24T11:27:23+00:00\" \/>\n<meta property=\"og:image\" content=\"https:\/\/www.magdaleneblue.com\/wp-content\/uploads\/2023\/11\/whatsapp-image-22023-11-17-600ppi.jpg\" \/>\n\t<meta property=\"og:image:width\" content=\"657\" \/>\n\t<meta property=\"og:image:height\" content=\"455\" \/>\n\t<meta property=\"og:image:type\" content=\"image\/jpeg\" \/>\n<meta name=\"twitter:card\" content=\"summary_large_image\" \/>\n<meta name=\"twitter:site\" content=\"@magdalenebluemu\" \/>\n<script type=\"application\/ld+json\" class=\"yoast-schema-graph\">{\"@context\":\"https:\\\/\\\/schema.org\",\"@graph\":[{\"@type\":\"WebPage\",\"@id\":\"https:\\\/\\\/www.magdaleneblue.com\\\/contact\\\/\",\"url\":\"https:\\\/\\\/www.magdaleneblue.com\\\/contact\\\/\",\"name\":\"Contact - Magdalene Blue\",\"isPartOf\":{\"@id\":\"https:\\\/\\\/www.magdaleneblue.com\\\/#website\"},\"primaryImageOfPage\":{\"@id\":\"https:\\\/\\\/www.magdaleneblue.com\\\/contact\\\/#primaryimage\"},\"image\":{\"@id\":\"https:\\\/\\\/www.magdaleneblue.com\\\/contact\\\/#primaryimage\"},\"thumbnailUrl\":\"https:\\\/\\\/www.magdaleneblue.com\\\/wp-content\\\/uploads\\\/2023\\\/11\\\/whatsapp-image-22023-11-17-600ppi.jpg\",\"datePublished\":\"2023-10-30T12:40:38+00:00\",\"dateModified\":\"2025-05-24T11:27:23+00:00\",\"description\":\"Interested in booking Magdalene Blue for your event? Send a message for more info & booking.\",\"breadcrumb\":{\"@id\":\"https:\\\/\\\/www.magdaleneblue.com\\\/contact\\\/#breadcrumb\"},\"inLanguage\":\"es\",\"potentialAction\":[{\"@type\":\"ReadAction\",\"target\":[\"https:\\\/\\\/www.magdaleneblue.com\\\/contact\\\/\"]}]},{\"@type\":\"ImageObject\",\"inLanguage\":\"es\",\"@id\":\"https:\\\/\\\/www.magdaleneblue.com\\\/contact\\\/#primaryimage\",\"url\":\"https:\\\/\\\/www.magdaleneblue.com\\\/wp-content\\\/uploads\\\/2023\\\/11\\\/whatsapp-image-22023-11-17-600ppi.jpg\",\"contentUrl\":\"https:\\\/\\\/www.magdaleneblue.com\\\/wp-content\\\/uploads\\\/2023\\\/11\\\/whatsapp-image-22023-11-17-600ppi.jpg\",\"width\":657,\"height\":455,\"caption\":\"Magdalene Blue\"},{\"@type\":\"BreadcrumbList\",\"@id\":\"https:\\\/\\\/www.magdaleneblue.com\\\/contact\\\/#breadcrumb\",\"itemListElement\":[{\"@type\":\"ListItem\",\"position\":1,\"name\":\"Inicio\",\"item\":\"https:\\\/\\\/www.magdaleneblue.com\\\/\"},{\"@type\":\"ListItem\",\"position\":2,\"name\":\"Contact\"}]},{\"@type\":\"WebSite\",\"@id\":\"https:\\\/\\\/www.magdaleneblue.com\\\/#website\",\"url\":\"https:\\\/\\\/www.magdaleneblue.com\\\/\",\"name\":\"Magdalene Blue\",\"description\":\"A classically-trained singer and songwriter\",\"publisher\":{\"@id\":\"https:\\\/\\\/www.magdaleneblue.com\\\/#organization\"},\"potentialAction\":[{\"@type\":\"SearchAction\",\"target\":{\"@type\":\"EntryPoint\",\"urlTemplate\":\"https:\\\/\\\/www.magdaleneblue.com\\\/?s={search_term_string}\"},\"query-input\":{\"@type\":\"PropertyValueSpecification\",\"valueRequired\":true,\"valueName\":\"search_term_string\"}}],\"inLanguage\":\"es\"},{\"@type\":\"Organization\",\"@id\":\"https:\\\/\\\/www.magdaleneblue.com\\\/#organization\",\"name\":\"Magdalene Blue\",\"url\":\"https:\\\/\\\/www.magdaleneblue.com\\\/\",\"logo\":{\"@type\":\"ImageObject\",\"inLanguage\":\"es\",\"@id\":\"https:\\\/\\\/www.magdaleneblue.com\\\/#\\\/schema\\\/logo\\\/image\\\/\",\"url\":\"https:\\\/\\\/www.magdaleneblue.com\\\/wp-content\\\/uploads\\\/2023\\\/10\\\/image.png\",\"contentUrl\":\"https:\\\/\\\/www.magdaleneblue.com\\\/wp-content\\\/uploads\\\/2023\\\/10\\\/image.png\",\"width\":720,\"height\":720,\"caption\":\"Magdalene Blue\"},\"image\":{\"@id\":\"https:\\\/\\\/www.magdaleneblue.com\\\/#\\\/schema\\\/logo\\\/image\\\/\"},\"sameAs\":[\"https:\\\/\\\/x.com\\\/magdalenebluemu\",\"https:\\\/\\\/www.instagram.com\\\/magdaleneblue\\\/\"]}]}<\/script>\n<!-- \/ Yoast SEO plugin. -->","yoast_head_json":{"title":"Contacto - Magdalene Blue","description":"\u00bfInteresado en reservar Magdalene Blue para su evento? Env\u00eda un mensaje para m\u00e1s informaci\u00f3n y reservas.","robots":{"index":"index","follow":"follow","max-snippet":"max-snippet:-1","max-image-preview":"max-image-preview:large","max-video-preview":"max-video-preview:-1"},"canonical":"https:\/\/www.magdaleneblue.com\/es\/contacto\/","og_locale":"es_ES","og_type":"article","og_title":"Contact - Magdalene Blue","og_description":"Interested in booking Magdalene Blue for your event? Send a message for more info & booking.","og_url":"https:\/\/www.magdaleneblue.com\/es\/contacto\/","og_site_name":"Magdalene Blue","article_modified_time":"2025-05-24T11:27:23+00:00","og_image":[{"width":657,"height":455,"url":"https:\/\/www.magdaleneblue.com\/wp-content\/uploads\/2023\/11\/whatsapp-image-22023-11-17-600ppi.jpg","type":"image\/jpeg"}],"twitter_card":"summary_large_image","twitter_site":"@magdalenebluemu","schema":{"@context":"https:\/\/schema.org","@graph":[{"@type":"WebPage","@id":"https:\/\/www.magdaleneblue.com\/contact\/","url":"https:\/\/www.magdaleneblue.com\/contact\/","name":"Contacto - Magdalene Blue","isPartOf":{"@id":"https:\/\/www.magdaleneblue.com\/#website"},"primaryImageOfPage":{"@id":"https:\/\/www.magdaleneblue.com\/contact\/#primaryimage"},"image":{"@id":"https:\/\/www.magdaleneblue.com\/contact\/#primaryimage"},"thumbnailUrl":"https:\/\/www.magdaleneblue.com\/wp-content\/uploads\/2023\/11\/whatsapp-image-22023-11-17-600ppi.jpg","datePublished":"2023-10-30T12:40:38+00:00","dateModified":"2025-05-24T11:27:23+00:00","description":"\u00bfInteresado en reservar Magdalene Blue para su evento? Env\u00eda un mensaje para m\u00e1s informaci\u00f3n y reservas.","breadcrumb":{"@id":"https:\/\/www.magdaleneblue.com\/contact\/#breadcrumb"},"inLanguage":"es","potentialAction":[{"@type":"ReadAction","target":["https:\/\/www.magdaleneblue.com\/contact\/"]}]},{"@type":"ImageObject","inLanguage":"es","@id":"https:\/\/www.magdaleneblue.com\/contact\/#primaryimage","url":"https:\/\/www.magdaleneblue.com\/wp-content\/uploads\/2023\/11\/whatsapp-image-22023-11-17-600ppi.jpg","contentUrl":"https:\/\/www.magdaleneblue.com\/wp-content\/uploads\/2023\/11\/whatsapp-image-22023-11-17-600ppi.jpg","width":657,"height":455,"caption":"Magdalene Blue"},{"@type":"BreadcrumbList","@id":"https:\/\/www.magdaleneblue.com\/contact\/#breadcrumb","itemListElement":[{"@type":"ListItem","position":1,"name":"Inicio","item":"https:\/\/www.magdaleneblue.com\/"},{"@type":"ListItem","position":2,"name":"Contact"}]},{"@type":"WebSite","@id":"https:\/\/www.magdaleneblue.com\/#website","url":"https:\/\/www.magdaleneblue.com\/","name":"Magdalene Blue","description":"Un cantante y compositor de formaci\u00f3n cl\u00e1sica.","publisher":{"@id":"https:\/\/www.magdaleneblue.com\/#organization"},"potentialAction":[{"@type":"SearchAction","target":{"@type":"EntryPoint","urlTemplate":"https:\/\/www.magdaleneblue.com\/?s={search_term_string}"},"query-input":{"@type":"PropertyValueSpecification","valueRequired":true,"valueName":"search_term_string"}}],"inLanguage":"es"},{"@type":"Organization","@id":"https:\/\/www.magdaleneblue.com\/#organization","name":"Magdalene Blue","url":"https:\/\/www.magdaleneblue.com\/","logo":{"@type":"ImageObject","inLanguage":"es","@id":"https:\/\/www.magdaleneblue.com\/#\/schema\/logo\/image\/","url":"https:\/\/www.magdaleneblue.com\/wp-content\/uploads\/2023\/10\/image.png","contentUrl":"https:\/\/www.magdaleneblue.com\/wp-content\/uploads\/2023\/10\/image.png","width":720,"height":720,"caption":"Magdalene Blue"},"image":{"@id":"https:\/\/www.magdaleneblue.com\/#\/schema\/logo\/image\/"},"sameAs":["https:\/\/x.com\/magdalenebluemu","https:\/\/www.instagram.com\/magdaleneblue\/"]}]}},"_links":{"self":[{"href":"https:\/\/www.magdaleneblue.com\/es\/wp-json\/wp\/v2\/pages\/423","targetHints":{"allow":["GET"]}}],"collection":[{"href":"https:\/\/www.magdaleneblue.com\/es\/wp-json\/wp\/v2\/pages"}],"about":[{"href":"https:\/\/www.magdaleneblue.com\/es\/wp-json\/wp\/v2\/types\/page"}],"author":[{"embeddable":true,"href":"https:\/\/www.magdaleneblue.com\/es\/wp-json\/wp\/v2\/users\/1"}],"replies":[{"embeddable":true,"href":"https:\/\/www.magdaleneblue.com\/es\/wp-json\/wp\/v2\/comments?post=423"}],"version-history":[{"count":35,"href":"https:\/\/www.magdaleneblue.com\/es\/wp-json\/wp\/v2\/pages\/423\/revisions"}],"predecessor-version":[{"id":2273,"href":"https:\/\/www.magdaleneblue.com\/es\/wp-json\/wp\/v2\/pages\/423\/revisions\/2273"}],"wp:featuredmedia":[{"embeddable":true,"href":"https:\/\/www.magdaleneblue.com\/es\/wp-json\/wp\/v2\/media\/1278"}],"wp:attachment":[{"href":"https:\/\/www.magdaleneblue.com\/es\/wp-json\/wp\/v2\/media?parent=423"}],"curies":[{"name":"gracias","href":"https:\/\/api.w.org\/{rel}","templated":true}]}}