{"id":439,"date":"2023-10-30T13:43:20","date_gmt":"2023-10-30T12:43:20","guid":{"rendered":"https:\/\/www.magdaleneblue.com\/?page_id=439"},"modified":"2025-05-24T12:56:59","modified_gmt":"2025-05-24T10:56:59","slug":"biografia","status":"publish","type":"page","link":"https:\/\/www.magdaleneblue.com\/es\/bio\/","title":{"rendered":"Biograf\u00eda"},"content":{"rendered":"<div data-elementor-type=\"wp-page\" data-elementor-id=\"439\" class=\"elementor elementor-439\" data-elementor-post-type=\"page\">\n\t\t\t\t\t\t<section class=\"elementor-section elementor-top-section elementor-element elementor-element-57926407 elementor-section-boxed elementor-section-height-default elementor-section-height-default\" data-id=\"57926407\" data-element_type=\"section\" data-e-type=\"section\" data-settings=\"{&quot;background_background&quot;:&quot;classic&quot;}\">\n\t\t\t\t\t\t\t<div class=\"elementor-background-overlay\"><\/div>\n\t\t\t\t\t\t\t<div class=\"elementor-container elementor-column-gap-default\">\n\t\t\t\t\t<div class=\"elementor-column elementor-col-100 elementor-top-column elementor-element elementor-element-76d54e9e\" data-id=\"76d54e9e\" data-element_type=\"column\" data-e-type=\"column\">\n\t\t\t<div class=\"elementor-widget-wrap elementor-element-populated\">\n\t\t\t\t\t\t<div class=\"elementor-element elementor-element-d685db8 elementor-widget elementor-widget-heading\" data-id=\"d685db8\" data-element_type=\"widget\" data-e-type=\"widget\" data-widget_type=\"heading.default\">\n\t\t\t\t<div class=\"elementor-widget-container\">\n\t\t\t\t\t<h1 class=\"elementor-heading-title elementor-size-default\">Biograf\u00eda<\/h1>\t\t\t\t<\/div>\n\t\t\t\t<\/div>\n\t\t\t\t<div class=\"elementor-element elementor-element-3183a36 elementor-widget elementor-widget-text-editor\" data-id=\"3183a36\" data-element_type=\"widget\" data-e-type=\"widget\" data-widget_type=\"text-editor.default\">\n\t\t\t\t<div class=\"elementor-widget-container\">\n\t\t\t\t\t\t\t\t\t<p id=\"u21826-2\">Inicio \/ Biograf\u00eda<\/p>\t\t\t\t\t\t\t\t<\/div>\n\t\t\t\t<\/div>\n\t\t\t\t\t<\/div>\n\t\t<\/div>\n\t\t\t\t\t<\/div>\n\t\t<\/section>\n\t\t\t\t<section class=\"elementor-section elementor-top-section elementor-element elementor-element-51cb5c30 elementor-section-boxed elementor-section-height-default elementor-section-height-default\" data-id=\"51cb5c30\" data-element_type=\"section\" data-e-type=\"section\" data-settings=\"{&quot;background_background&quot;:&quot;classic&quot;}\">\n\t\t\t\t\t\t<div class=\"elementor-container elementor-column-gap-default\">\n\t\t\t\t\t<div class=\"elementor-column elementor-col-50 elementor-top-column elementor-element elementor-element-7ba9d201\" data-id=\"7ba9d201\" data-element_type=\"column\" data-e-type=\"column\">\n\t\t\t<div class=\"elementor-widget-wrap elementor-element-populated\">\n\t\t\t\t\t\t<div class=\"elementor-element elementor-element-2678bd64 elementor-invisible elementor-widget elementor-widget-image\" data-id=\"2678bd64\" data-element_type=\"widget\" data-e-type=\"widget\" data-settings=\"{&quot;_animation&quot;:&quot;fadeInUp&quot;}\" data-widget_type=\"image.default\">\n\t\t\t\t<div class=\"elementor-widget-container\">\n\t\t\t\t\t\t\t\t\t\t\t\t\t\t\t<img decoding=\"async\" src=\"https:\/\/www.magdaleneblue.com\/wp-content\/uploads\/elementor\/thumbs\/magdalena-scaled-qg1hzbviq9iaati63e5v53xbzveyos9rnc2nobfolc.webp\" title=\"Magdalena\" alt=\"Magdalena\" loading=\"lazy\" \/>\t\t\t\t\t\t\t\t\t\t\t\t\t\t\t<\/div>\n\t\t\t\t<\/div>\n\t\t\t\t\t<\/div>\n\t\t<\/div>\n\t\t\t\t<div class=\"elementor-column elementor-col-50 elementor-top-column elementor-element elementor-element-63c4d6d\" data-id=\"63c4d6d\" data-element_type=\"column\" data-e-type=\"column\">\n\t\t\t<div class=\"elementor-widget-wrap elementor-element-populated\">\n\t\t\t\t\t\t<div class=\"elementor-element elementor-element-20672cca elementor-widget elementor-widget-heading\" data-id=\"20672cca\" data-element_type=\"widget\" data-e-type=\"widget\" data-widget_type=\"heading.default\">\n\t\t\t\t<div class=\"elementor-widget-container\">\n\t\t\t\t\t<h2 class=\"elementor-heading-title elementor-size-default\">Acerca de m\u00ed<\/h2>\t\t\t\t<\/div>\n\t\t\t\t<\/div>\n\t\t\t\t<div class=\"elementor-element elementor-element-1007d321 elementor-widget elementor-widget-text-editor\" data-id=\"1007d321\" data-element_type=\"widget\" data-e-type=\"widget\" data-widget_type=\"text-editor.default\">\n\t\t\t\t<div class=\"elementor-widget-container\">\n\t\t\t\t\t\t\t\t\t<p id=\"u21826-2\">Mi viaje musical desde un peque\u00f1o pueblo de Wisconsin hasta los escenarios internacionales ha sido una exploraci\u00f3n continua del sonido y la autoexpresi\u00f3n. \u2013 Magdalene Blue<\/p>\t\t\t\t\t\t\t\t<\/div>\n\t\t\t\t<\/div>\n\t\t\t\t<div class=\"elementor-element elementor-element-1b7c3960 elementor-widget elementor-widget-text-editor\" data-id=\"1b7c3960\" data-element_type=\"widget\" data-e-type=\"widget\" data-widget_type=\"text-editor.default\">\n\t\t\t\t<div class=\"elementor-widget-container\">\n\t\t\t\t\t\t\t\t\t<p>Crec\u00ed en el teatro musical de un peque\u00f1o pueblo de Wisconsin, con coros locales y escolares, y con la tradici\u00f3n vocal del jazz. Experiment\u00e9 con la trompa, el tromb\u00f3n y el bar\u00edtono en la banda del instituto. Actu\u00e9 en varios conjuntos universitarios (Universidad de Wisconsin-Eau Claire, &quot;Universidad de Canto de Wisconsin&quot;), incluyendo su mejor coro, el grupo a capela &quot;Impromptu&quot; (llegamos a los cuartos de final de la Regi\u00f3n del Medio Oeste [\u00bfrecuerdan la pel\u00edcula &quot;Perfect Pitch&quot;? Bueno, no mola tanto]) y grab\u00e9 un \u00e1lbum.<\/p><p>En 2004, me gradu\u00e9 de la universidad con una licenciatura en Educaci\u00f3n Espa\u00f1ola. Hab\u00eda estudiado en el extranjero en la Universidad de Oviedo, Espa\u00f1a, y despu\u00e9s de la universidad, regres\u00e9. Dos a\u00f1os despu\u00e9s, por la soledad y la a\u00f1oranza de la m\u00fasica, me apunt\u00e9 a clases de guitarra y, en secreto, comenc\u00e9 a poner acordes a mi poes\u00eda y a componer melod\u00edas. En 2006, empec\u00e9 a actuar profesionalmente con un par de d\u00faos de versiones de pop\/rock y jazz (piano y guitarra) en bares y cafeter\u00edas locales. En 2010, un amigo y yo formamos una banda, Memphis Belle.<\/p><p>Grabamos un EP en 2014, tocamos principalmente en la regi\u00f3n, aunque llegamos a las semifinales nacionales de la competici\u00f3n anual de bandas emergentes de Hard Rock Caf\u00e9 en Madrid y tocamos en el Cavern de Liverpool. En 2016, lleg\u00f3 el momento de soltarnos y lanzarnos en solitario. En 2017, naci\u00f3 Magdalene Blue y grabamos un \u00e1lbum de larga duraci\u00f3n. (Un peque\u00f1o secreto: inicialmente iba a ser una maqueta ac\u00fastica, pero qued\u00f3 bastante bien, as\u00ed que pens\u00e9: \u00bfpor qu\u00e9 no?).\u00a0<\/p><p>En octubre, me invitaron a Par\u00eds a tocar en un ciclo de conciertos de cantautoras, as\u00ed que reserv\u00e9 una minigira con dos fechas adicionales y la convert\u00ed en una minigira de lanzamiento de \u00e1lbum. Durante las vacaciones, reserv\u00e9 un concierto en CLAMORES, uno de los clubes de jazz m\u00e1s famosos de Madrid, y lo repet\u00ed todo, pero con una pianista de jazz. En mayo, di el salto y acept\u00e9 una invitaci\u00f3n para asistir a un Showcase en las Objective Sessions en Nashville.\u00a0\u00a0<\/p><p>He estudiado canto intermitentemente toda mi vida, pero de adulta, finalmente, y de forma constante, me puse a estudiar canto cl\u00e1sico con una profesora de canto en Oviedo, Elena P\u00e9rez-Herrero, y eso me cambi\u00f3 la vida. Tambi\u00e9n me diagnosticaron TDAH, lo que me ayud\u00f3 a entender muchas cosas.<\/p>\t\t\t\t\t\t\t\t<\/div>\n\t\t\t\t<\/div>\n\t\t\t\t<div class=\"elementor-element elementor-element-75abdbd6 e-transform elementor-widget elementor-widget-heading\" data-id=\"75abdbd6\" data-element_type=\"widget\" data-e-type=\"widget\" data-settings=\"{&quot;_transform_rotateZ_effect&quot;:{&quot;unit&quot;:&quot;px&quot;,&quot;size&quot;:-9,&quot;sizes&quot;:[]},&quot;_transform_rotateZ_effect_tablet&quot;:{&quot;unit&quot;:&quot;deg&quot;,&quot;size&quot;:&quot;&quot;,&quot;sizes&quot;:[]},&quot;_transform_rotateZ_effect_mobile&quot;:{&quot;unit&quot;:&quot;deg&quot;,&quot;size&quot;:&quot;&quot;,&quot;sizes&quot;:[]}}\" data-widget_type=\"heading.default\">\n\t\t\t\t<div class=\"elementor-widget-container\">\n\t\t\t\t\t<h2 class=\"elementor-heading-title elementor-size-default\">Magdalena<\/h2>\t\t\t\t<\/div>\n\t\t\t\t<\/div>\n\t\t\t\t<div class=\"elementor-element elementor-element-32906fa1 elementor-widget elementor-widget-spacer\" data-id=\"32906fa1\" data-element_type=\"widget\" data-e-type=\"widget\" data-widget_type=\"spacer.default\">\n\t\t\t\t<div class=\"elementor-widget-container\">\n\t\t\t\t\t\t\t<div class=\"elementor-spacer\">\n\t\t\t<div class=\"elementor-spacer-inner\"><\/div>\n\t\t<\/div>\n\t\t\t\t\t\t<\/div>\n\t\t\t\t<\/div>\n\t\t\t\t<div class=\"elementor-element elementor-element-2702194d elementor-align-left elementor-widget elementor-widget-button\" data-id=\"2702194d\" data-element_type=\"widget\" data-e-type=\"widget\" data-widget_type=\"button.default\">\n\t\t\t\t<div class=\"elementor-widget-container\">\n\t\t\t\t\t\t\t\t\t<div class=\"elementor-button-wrapper\">\n\t\t\t\t\t<a class=\"elementor-button elementor-button-link elementor-size-md elementor-animation-float\" href=\"https:\/\/www.magdaleneblue.com\/es\/lanzamientos\/\">\n\t\t\t\t\t\t<span class=\"elementor-button-content-wrapper\">\n\t\t\t\t\t\t\t\t\t<span class=\"elementor-button-text\">Mi m\u00fasica<\/span>\n\t\t\t\t\t<\/span>\n\t\t\t\t\t<\/a>\n\t\t\t\t<\/div>\n\t\t\t\t\t\t\t\t<\/div>\n\t\t\t\t<\/div>\n\t\t\t\t\t<\/div>\n\t\t<\/div>\n\t\t\t\t\t<\/div>\n\t\t<\/section>\n\t\t\t\t<section class=\"elementor-section elementor-top-section elementor-element elementor-element-77a54ca7 elementor-section-boxed elementor-section-height-default elementor-section-height-default\" data-id=\"77a54ca7\" data-element_type=\"section\" data-e-type=\"section\" data-settings=\"{&quot;background_background&quot;:&quot;classic&quot;}\">\n\t\t\t\t\t\t\t<div class=\"elementor-background-overlay\"><\/div>\n\t\t\t\t\t\t\t<div class=\"elementor-container elementor-column-gap-default\">\n\t\t\t\t\t<div class=\"elementor-column elementor-col-50 elementor-top-column elementor-element elementor-element-6e77bb27\" data-id=\"6e77bb27\" data-element_type=\"column\" data-e-type=\"column\">\n\t\t\t<div class=\"elementor-widget-wrap elementor-element-populated\">\n\t\t\t\t\t\t<div class=\"elementor-element elementor-element-d93f94b elementor-widget elementor-widget-image\" data-id=\"d93f94b\" data-element_type=\"widget\" data-e-type=\"widget\" data-widget_type=\"image.default\">\n\t\t\t\t<div class=\"elementor-widget-container\">\n\t\t\t\t\t\t\t\t\t\t\t\t\t\t\t<img fetchpriority=\"high\" decoding=\"async\" width=\"300\" height=\"300\" src=\"https:\/\/www.magdaleneblue.com\/wp-content\/uploads\/2023\/11\/144487148_271882604327276_2234917228910847754_n-300x300.jpg\" class=\"attachment-medium size-medium wp-image-802\" alt=\"\" srcset=\"https:\/\/www.magdaleneblue.com\/wp-content\/uploads\/2023\/11\/144487148_271882604327276_2234917228910847754_n-300x300.jpg 300w, https:\/\/www.magdaleneblue.com\/wp-content\/uploads\/2023\/11\/144487148_271882604327276_2234917228910847754_n-150x150.jpg 150w, https:\/\/www.magdaleneblue.com\/wp-content\/uploads\/2023\/11\/144487148_271882604327276_2234917228910847754_n-768x768.jpg 768w, https:\/\/www.magdaleneblue.com\/wp-content\/uploads\/2023\/11\/144487148_271882604327276_2234917228910847754_n-12x12.jpg 12w, https:\/\/www.magdaleneblue.com\/wp-content\/uploads\/2023\/11\/144487148_271882604327276_2234917228910847754_n.jpg 960w\" sizes=\"(max-width: 300px) 100vw, 300px\" \/>\t\t\t\t\t\t\t\t\t\t\t\t\t\t\t<\/div>\n\t\t\t\t<\/div>\n\t\t\t\t\t<\/div>\n\t\t<\/div>\n\t\t\t\t<div class=\"elementor-column elementor-col-50 elementor-top-column elementor-element elementor-element-3518ad4c\" data-id=\"3518ad4c\" data-element_type=\"column\" data-e-type=\"column\">\n\t\t\t<div class=\"elementor-widget-wrap elementor-element-populated\">\n\t\t\t\t\t\t<div class=\"elementor-element elementor-element-2548ce03 elementor-widget__width-initial elementor-widget elementor-widget-heading\" data-id=\"2548ce03\" data-element_type=\"widget\" data-e-type=\"widget\" data-widget_type=\"heading.default\">\n\t\t\t\t<div class=\"elementor-widget-container\">\n\t\t\t\t\t<h3 class=\"elementor-heading-title elementor-size-default\">\u00a1Se acerca nueva m\u00fasica!<\/h3>\t\t\t\t<\/div>\n\t\t\t\t<\/div>\n\t\t\t\t<div class=\"elementor-element elementor-element-4c6b6676 elementor-widget elementor-widget-spacer\" data-id=\"4c6b6676\" data-element_type=\"widget\" data-e-type=\"widget\" data-widget_type=\"spacer.default\">\n\t\t\t\t<div class=\"elementor-widget-container\">\n\t\t\t\t\t\t\t<div class=\"elementor-spacer\">\n\t\t\t<div class=\"elementor-spacer-inner\"><\/div>\n\t\t<\/div>\n\t\t\t\t\t\t<\/div>\n\t\t\t\t<\/div>\n\t\t\t\t<div class=\"elementor-element elementor-element-d6260a elementor-widget elementor-widget-text-editor\" data-id=\"d6260a\" data-element_type=\"widget\" data-e-type=\"widget\" data-widget_type=\"text-editor.default\">\n\t\t\t\t<div class=\"elementor-widget-container\">\n\t\t\t\t\t\t\t\t\t<p>Encu\u00e9ntranos en:<\/p>\t\t\t\t\t\t\t\t<\/div>\n\t\t\t\t<\/div>\n\t\t\t\t<div class=\"elementor-element elementor-element-b105ca2 e-grid-align-left e-grid-align-tablet-left elementor-shape-rounded elementor-grid-0 elementor-widget elementor-widget-social-icons\" data-id=\"b105ca2\" data-element_type=\"widget\" data-e-type=\"widget\" data-widget_type=\"social-icons.default\">\n\t\t\t\t<div class=\"elementor-widget-container\">\n\t\t\t\t\t\t\t<div class=\"elementor-social-icons-wrapper elementor-grid\" role=\"list\">\n\t\t\t\t\t\t\t<span class=\"elementor-grid-item\" role=\"listitem\">\n\t\t\t\t\t<a class=\"elementor-icon elementor-social-icon elementor-social-icon-apple elementor-animation-float elementor-repeater-item-9c867cc\" href=\"https:\/\/music.apple.com\/es\/album\/im-not-giving-up-on-you-single\/1649030186\" target=\"_blank\">\n\t\t\t\t\t\t<span class=\"elementor-screen-only\">Apple<\/span>\n\t\t\t\t\t\t<i aria-hidden=\"true\" class=\"fab fa-apple\"><\/i>\t\t\t\t\t<\/a>\n\t\t\t\t<\/span>\n\t\t\t\t\t\t\t<span class=\"elementor-grid-item\" role=\"listitem\">\n\t\t\t\t\t<a class=\"elementor-icon elementor-social-icon elementor-social-icon-spotify elementor-animation-float elementor-repeater-item-b690889\" href=\"https:\/\/api.ffm.to\/sl\/e\/c\/bpgyjmj?cd=eyJ1YSI6eyJ1YSI6Ik1vemlsbGEvNS4wIChNYWNpbnRvc2g7IEludGVsIE1hYyBPUyBYIDEwXzE1XzcpIEFwcGxlV2ViS2l0LzYwNS4xLjE1IChLSFRNTCwgbGlrZSBHZWNrbykgVmVyc2lvbi8xNy4wIFNhZmFyaS82MDUuMS4xNSIsImJyb3dzZXIiOnsibmFtZSI6IlNhZmFyaSIsInZlcnNpb24iOiIxNy4wIiwibWFqb3IiOiIxNyJ9LCJlbmdpbmUiOnsibmFtZSI6IldlYktpdCIsInZlcnNpb24iOiI2MDUuMS4xNSJ9LCJvcyI6eyJuYW1lIjoiTWFjIE9TIiwidmVyc2lvbiI6IjEwLjE1LjcifSwiZGV2aWNlIjp7InZlbmRvciI6IkFwcGxlIiwibW9kZWwiOiJNYWNpbnRvc2gifSwiY3B1Ijp7fX0sImNsaWVudCI6eyJyaWQiOiIwMWQ4MWM3Yi0wZDY3LTQ3ZTUtYTEwMi0zNjdlN2U0MjM5YmQiLCJzaWQiOiI3NGYwZDY5Yy0zNDhlLTQ1OTktOWVmMC1iNjJmNWJiYjhlNmMiLCJpcCI6Ijg4LjE0Ljc1LjYiLCJyZWYiOiJodHRwczovL2ZmbS50by8iLCJob3N0IjoiZmZtLnRvIiwibGFuZyI6ImVzLUVTIiwiaXBDb3VudHJ5IjoiRVMifSwiaXNXZWJwU3VwcG9ydGVkIjpmYWxzZSwiaXNGcm9tRVUiOnRydWUsImNvdW50cnlDb2RlIjoiRVMiLCJ1c2VBZmYiOiJvcmlnaW4iLCJpZCI6IjYzNjk3NDAyMzgwMDAwMTEwMDI3MTk0OSIsInBydiI6dHJ1ZSwiaXNQcmVSIjpmYWxzZSwidHpvIjpudWxsLCJjaCI6Ik9XRSIsImFuIjpudWxsLCJkZXN0VXJsIjoiaHR0cHM6Ly9vcGVuLnNwb3RpZnkuY29tL2FsYnVtLzVOa0JVNU8zdUR0cVZFUWxCd3RxRWMiLCJ2aWQiOiIwYzQ3MDg4Zi1lYjk4LTRjN2ItYjlmZC1iZDFkOGIxNjdhYjQiLCJzcnZjIjoic3BvdGlmeSIsInByb2R1Y3QiOiJzbWFydGxpbmsiLCJzaG9ydElkIjoiYnBneWptaiIsImlzQXV0aG9yaXphdGlvblJlcXVpcmVkIjpmYWxzZSwib3duZXIiOiI2MGZiNmU3OTM0MDAwMDVjNWZhYzI4NjUiLCJhciI6IjYwZmI2ZWMwMmYwMDAwMDJlZGI2MzAxMiIsImlzU2hvcnRMaW5rIjpmYWxzZX0\" target=\"_blank\">\n\t\t\t\t\t\t<span class=\"elementor-screen-only\">Spotify<\/span>\n\t\t\t\t\t\t<i aria-hidden=\"true\" class=\"fab fa-spotify\"><\/i>\t\t\t\t\t<\/a>\n\t\t\t\t<\/span>\n\t\t\t\t\t<\/div>\n\t\t\t\t\t\t<\/div>\n\t\t\t\t<\/div>\n\t\t\t\t\t<\/div>\n\t\t<\/div>\n\t\t\t\t\t<\/div>\n\t\t<\/section>\n\t\t\t\t<\/div>","protected":false},"excerpt":{"rendered":"<p>Home \/ Biography About me &#8220;My musical journey from small-town Wisconsin to international stages has been a lifelong exploration of sound and self-expression.&#8221;. &#8211; Magdalene Blue I grew up in the Wisconsin small town musical theater, local\/school choirs, and vocal jazz traditions.\u00a0 I messed around with the french horn, trombone, and baritone in high school [&hellip;]<\/p>\n","protected":false},"author":1,"featured_media":1278,"parent":0,"menu_order":3,"comment_status":"closed","ping_status":"closed","template":"","meta":{"footnotes":""},"class_list":["post-439","page","type-page","status-publish","has-post-thumbnail","hentry"],"yoast_head":"<!-- This site is optimized with the Yoast SEO plugin v27.4 - https:\/\/yoast.com\/product\/yoast-seo-wordpress\/ -->\n<title>Bio - Magdalene Blue<\/title>\n<meta name=\"description\" content=\"From small town, Wisconsin theaters to international stages, it&#039;s been quite a journey and there&#039;s more to come. Are you coming?\" \/>\n<meta name=\"robots\" content=\"index, follow, max-snippet:-1, max-image-preview:large, max-video-preview:-1\" \/>\n<link rel=\"canonical\" href=\"https:\/\/www.magdaleneblue.com\/es\/biografia\/\" \/>\n<meta property=\"og:locale\" content=\"es_ES\" \/>\n<meta property=\"og:type\" content=\"article\" \/>\n<meta property=\"og:title\" content=\"Bio - Magdalene Blue\" \/>\n<meta property=\"og:description\" content=\"From small town, Wisconsin theaters to international stages, it&#039;s been quite a journey and there&#039;s more to come. Are you coming?\" \/>\n<meta property=\"og:url\" content=\"https:\/\/www.magdaleneblue.com\/es\/biografia\/\" \/>\n<meta property=\"og:site_name\" content=\"Magdalene Blue\" \/>\n<meta property=\"article:modified_time\" content=\"2025-05-24T10:56:59+00:00\" \/>\n<meta property=\"og:image\" content=\"https:\/\/www.magdaleneblue.com\/wp-content\/uploads\/2023\/11\/whatsapp-image-22023-11-17-600ppi.jpg\" \/>\n\t<meta property=\"og:image:width\" content=\"657\" \/>\n\t<meta property=\"og:image:height\" content=\"455\" \/>\n\t<meta property=\"og:image:type\" content=\"image\/jpeg\" \/>\n<meta name=\"twitter:card\" content=\"summary_large_image\" \/>\n<meta name=\"twitter:site\" content=\"@magdalenebluemu\" \/>\n<script type=\"application\/ld+json\" class=\"yoast-schema-graph\">{\"@context\":\"https:\\\/\\\/schema.org\",\"@graph\":[{\"@type\":\"WebPage\",\"@id\":\"https:\\\/\\\/www.magdaleneblue.com\\\/bio\\\/\",\"url\":\"https:\\\/\\\/www.magdaleneblue.com\\\/bio\\\/\",\"name\":\"Bio - Magdalene Blue\",\"isPartOf\":{\"@id\":\"https:\\\/\\\/www.magdaleneblue.com\\\/#website\"},\"primaryImageOfPage\":{\"@id\":\"https:\\\/\\\/www.magdaleneblue.com\\\/bio\\\/#primaryimage\"},\"image\":{\"@id\":\"https:\\\/\\\/www.magdaleneblue.com\\\/bio\\\/#primaryimage\"},\"thumbnailUrl\":\"https:\\\/\\\/www.magdaleneblue.com\\\/wp-content\\\/uploads\\\/2023\\\/11\\\/whatsapp-image-22023-11-17-600ppi.jpg\",\"datePublished\":\"2023-10-30T12:43:20+00:00\",\"dateModified\":\"2025-05-24T10:56:59+00:00\",\"description\":\"From small town, Wisconsin theaters to international stages, it's been quite a journey and there's more to come. Are you coming?\",\"breadcrumb\":{\"@id\":\"https:\\\/\\\/www.magdaleneblue.com\\\/bio\\\/#breadcrumb\"},\"inLanguage\":\"es\",\"potentialAction\":[{\"@type\":\"ReadAction\",\"target\":[\"https:\\\/\\\/www.magdaleneblue.com\\\/bio\\\/\"]}]},{\"@type\":\"ImageObject\",\"inLanguage\":\"es\",\"@id\":\"https:\\\/\\\/www.magdaleneblue.com\\\/bio\\\/#primaryimage\",\"url\":\"https:\\\/\\\/www.magdaleneblue.com\\\/wp-content\\\/uploads\\\/2023\\\/11\\\/whatsapp-image-22023-11-17-600ppi.jpg\",\"contentUrl\":\"https:\\\/\\\/www.magdaleneblue.com\\\/wp-content\\\/uploads\\\/2023\\\/11\\\/whatsapp-image-22023-11-17-600ppi.jpg\",\"width\":657,\"height\":455,\"caption\":\"Magdalene Blue\"},{\"@type\":\"BreadcrumbList\",\"@id\":\"https:\\\/\\\/www.magdaleneblue.com\\\/bio\\\/#breadcrumb\",\"itemListElement\":[{\"@type\":\"ListItem\",\"position\":1,\"name\":\"Inicio\",\"item\":\"https:\\\/\\\/www.magdaleneblue.com\\\/\"},{\"@type\":\"ListItem\",\"position\":2,\"name\":\"Bio\"}]},{\"@type\":\"WebSite\",\"@id\":\"https:\\\/\\\/www.magdaleneblue.com\\\/#website\",\"url\":\"https:\\\/\\\/www.magdaleneblue.com\\\/\",\"name\":\"Magdalene Blue\",\"description\":\"A classically-trained singer and songwriter\",\"publisher\":{\"@id\":\"https:\\\/\\\/www.magdaleneblue.com\\\/#organization\"},\"potentialAction\":[{\"@type\":\"SearchAction\",\"target\":{\"@type\":\"EntryPoint\",\"urlTemplate\":\"https:\\\/\\\/www.magdaleneblue.com\\\/?s={search_term_string}\"},\"query-input\":{\"@type\":\"PropertyValueSpecification\",\"valueRequired\":true,\"valueName\":\"search_term_string\"}}],\"inLanguage\":\"es\"},{\"@type\":\"Organization\",\"@id\":\"https:\\\/\\\/www.magdaleneblue.com\\\/#organization\",\"name\":\"Magdalene Blue\",\"url\":\"https:\\\/\\\/www.magdaleneblue.com\\\/\",\"logo\":{\"@type\":\"ImageObject\",\"inLanguage\":\"es\",\"@id\":\"https:\\\/\\\/www.magdaleneblue.com\\\/#\\\/schema\\\/logo\\\/image\\\/\",\"url\":\"https:\\\/\\\/www.magdaleneblue.com\\\/wp-content\\\/uploads\\\/2023\\\/10\\\/image.png\",\"contentUrl\":\"https:\\\/\\\/www.magdaleneblue.com\\\/wp-content\\\/uploads\\\/2023\\\/10\\\/image.png\",\"width\":720,\"height\":720,\"caption\":\"Magdalene Blue\"},\"image\":{\"@id\":\"https:\\\/\\\/www.magdaleneblue.com\\\/#\\\/schema\\\/logo\\\/image\\\/\"},\"sameAs\":[\"https:\\\/\\\/x.com\\\/magdalenebluemu\",\"https:\\\/\\\/www.instagram.com\\\/magdaleneblue\\\/\"]}]}<\/script>\n<!-- \/ Yoast SEO plugin. -->","yoast_head_json":{"title":"Biograf\u00eda - Magdalene Blue","description":"Desde teatros en peque\u00f1os pueblos de Wisconsin hasta escenarios internacionales, ha sido un viaje largo y a\u00fan queda mucho por venir. \u00bfVienes?","robots":{"index":"index","follow":"follow","max-snippet":"max-snippet:-1","max-image-preview":"max-image-preview:large","max-video-preview":"max-video-preview:-1"},"canonical":"https:\/\/www.magdaleneblue.com\/es\/biografia\/","og_locale":"es_ES","og_type":"article","og_title":"Bio - Magdalene Blue","og_description":"From small town, Wisconsin theaters to international stages, it's been quite a journey and there's more to come. Are you coming?","og_url":"https:\/\/www.magdaleneblue.com\/es\/biografia\/","og_site_name":"Magdalene Blue","article_modified_time":"2025-05-24T10:56:59+00:00","og_image":[{"width":657,"height":455,"url":"https:\/\/www.magdaleneblue.com\/wp-content\/uploads\/2023\/11\/whatsapp-image-22023-11-17-600ppi.jpg","type":"image\/jpeg"}],"twitter_card":"summary_large_image","twitter_site":"@magdalenebluemu","schema":{"@context":"https:\/\/schema.org","@graph":[{"@type":"WebPage","@id":"https:\/\/www.magdaleneblue.com\/bio\/","url":"https:\/\/www.magdaleneblue.com\/bio\/","name":"Biograf\u00eda - Magdalene Blue","isPartOf":{"@id":"https:\/\/www.magdaleneblue.com\/#website"},"primaryImageOfPage":{"@id":"https:\/\/www.magdaleneblue.com\/bio\/#primaryimage"},"image":{"@id":"https:\/\/www.magdaleneblue.com\/bio\/#primaryimage"},"thumbnailUrl":"https:\/\/www.magdaleneblue.com\/wp-content\/uploads\/2023\/11\/whatsapp-image-22023-11-17-600ppi.jpg","datePublished":"2023-10-30T12:43:20+00:00","dateModified":"2025-05-24T10:56:59+00:00","description":"Desde teatros en peque\u00f1os pueblos de Wisconsin hasta escenarios internacionales, ha sido un viaje largo y a\u00fan queda mucho por venir. \u00bfVienes?","breadcrumb":{"@id":"https:\/\/www.magdaleneblue.com\/bio\/#breadcrumb"},"inLanguage":"es","potentialAction":[{"@type":"ReadAction","target":["https:\/\/www.magdaleneblue.com\/bio\/"]}]},{"@type":"ImageObject","inLanguage":"es","@id":"https:\/\/www.magdaleneblue.com\/bio\/#primaryimage","url":"https:\/\/www.magdaleneblue.com\/wp-content\/uploads\/2023\/11\/whatsapp-image-22023-11-17-600ppi.jpg","contentUrl":"https:\/\/www.magdaleneblue.com\/wp-content\/uploads\/2023\/11\/whatsapp-image-22023-11-17-600ppi.jpg","width":657,"height":455,"caption":"Magdalene Blue"},{"@type":"BreadcrumbList","@id":"https:\/\/www.magdaleneblue.com\/bio\/#breadcrumb","itemListElement":[{"@type":"ListItem","position":1,"name":"Inicio","item":"https:\/\/www.magdaleneblue.com\/"},{"@type":"ListItem","position":2,"name":"Bio"}]},{"@type":"WebSite","@id":"https:\/\/www.magdaleneblue.com\/#website","url":"https:\/\/www.magdaleneblue.com\/","name":"Magdalene Blue","description":"Un cantante y compositor de formaci\u00f3n cl\u00e1sica.","publisher":{"@id":"https:\/\/www.magdaleneblue.com\/#organization"},"potentialAction":[{"@type":"SearchAction","target":{"@type":"EntryPoint","urlTemplate":"https:\/\/www.magdaleneblue.com\/?s={search_term_string}"},"query-input":{"@type":"PropertyValueSpecification","valueRequired":true,"valueName":"search_term_string"}}],"inLanguage":"es"},{"@type":"Organization","@id":"https:\/\/www.magdaleneblue.com\/#organization","name":"Magdalene Blue","url":"https:\/\/www.magdaleneblue.com\/","logo":{"@type":"ImageObject","inLanguage":"es","@id":"https:\/\/www.magdaleneblue.com\/#\/schema\/logo\/image\/","url":"https:\/\/www.magdaleneblue.com\/wp-content\/uploads\/2023\/10\/image.png","contentUrl":"https:\/\/www.magdaleneblue.com\/wp-content\/uploads\/2023\/10\/image.png","width":720,"height":720,"caption":"Magdalene Blue"},"image":{"@id":"https:\/\/www.magdaleneblue.com\/#\/schema\/logo\/image\/"},"sameAs":["https:\/\/x.com\/magdalenebluemu","https:\/\/www.instagram.com\/magdaleneblue\/"]}]}},"_links":{"self":[{"href":"https:\/\/www.magdaleneblue.com\/es\/wp-json\/wp\/v2\/pages\/439","targetHints":{"allow":["GET"]}}],"collection":[{"href":"https:\/\/www.magdaleneblue.com\/es\/wp-json\/wp\/v2\/pages"}],"about":[{"href":"https:\/\/www.magdaleneblue.com\/es\/wp-json\/wp\/v2\/types\/page"}],"author":[{"embeddable":true,"href":"https:\/\/www.magdaleneblue.com\/es\/wp-json\/wp\/v2\/users\/1"}],"replies":[{"embeddable":true,"href":"https:\/\/www.magdaleneblue.com\/es\/wp-json\/wp\/v2\/comments?post=439"}],"version-history":[{"count":62,"href":"https:\/\/www.magdaleneblue.com\/es\/wp-json\/wp\/v2\/pages\/439\/revisions"}],"predecessor-version":[{"id":2267,"href":"https:\/\/www.magdaleneblue.com\/es\/wp-json\/wp\/v2\/pages\/439\/revisions\/2267"}],"wp:featuredmedia":[{"embeddable":true,"href":"https:\/\/www.magdaleneblue.com\/es\/wp-json\/wp\/v2\/media\/1278"}],"wp:attachment":[{"href":"https:\/\/www.magdaleneblue.com\/es\/wp-json\/wp\/v2\/media?parent=439"}],"curies":[{"name":"gracias","href":"https:\/\/api.w.org\/{rel}","templated":true}]}}