{"id":88,"date":"2023-03-01T14:03:52","date_gmt":"2023-03-01T13:03:52","guid":{"rendered":"https:\/\/www.magdaleneblue.com\/?page_id=88"},"modified":"2023-12-04T13:29:20","modified_gmt":"2023-12-04T12:29:20","slug":"politica-de-galletas","status":"publish","type":"page","link":"https:\/\/www.magdaleneblue.com\/es\/politica-de-cookies\/","title":{"rendered":"Pol\u00edtica de cookies"},"content":{"rendered":"<p>Esta web utiliza cookies. Aqu\u00ed te explicamos qu\u00e9 son las cookies y c\u00f3mo las usamos en nuestra web. Puedes cambiar tus preferencias de cookies en cualquier momento:<\/p>\n<p style=\"text-align: center;\"><a href=\"#\" class=\"_brlbs-btn-cookie-preference borlabs-cookie-preference\">Preferencias de cookies<\/a><\/p>\n<hr \/>\n<p>En cumplimiento de la Ley 34\/2002, de 11 de julio, de Servicios de la Sociedad de la Informaci\u00f3n y Comercio Electr\u00f3nico, te informamos de que este sitio web, al igual que la mayor\u00eda de los sitios en Internet, usa Cookies para mejorar y optimizar la experiencia del usuario.<\/p>\n<p>A continuaci\u00f3n encontrar\u00e1s informaci\u00f3n detallada sobre qu\u00e9 son las Cookies, qu\u00e9 tipolog\u00eda utiliza este sitio web, c\u00f3mo cambiar la configuraci\u00f3n de tus cookies, y qu\u00e9 ocurre si deshabitas las Cookies.<\/p>\n<h2>Qu\u00e9 son las Cookies<\/h2>\n<p>Una cookie es un peque\u00f1o archivo que se descarga en el equipo del usuario con la finalidad de almacenar datos, los cuales podr\u00e1n ser actualizados y recuperados por la entidad responsable de su instalaci\u00f3n.<\/p>\n<h2>Qu\u00e9 tipo de Cookies utiliza esta p\u00e1gina web<\/h2>\n<p>A continuaci\u00f3n se muestra una tabla con las Cookies utilizadas en este sitio web. Puedes informarte de las transferencias a terceros pa\u00edses que, en su caso, realizan los terceros identificados en esta pol\u00edtica de cookies en sus correspondientes pol\u00edticas.<\/p>\n<div class=\"BorlabsCookie\"><h3 class=\"_brlbs _brlbs-cg-essential\">Esencial<\/h3><p class=\"_brlbs _brlbs-cg-essential\">Las cookies esenciales permiten funciones b\u00e1sicas y son necesarias para el correcto funcionamiento del sitio web.<\/p><h4 class=\"_brlbs _brlbs-c-borlabs-cookie\">Galleta Borlabs<\/h4><div class=\"_brlbs-responsive-table\"><table class=\"_brlbs _brlbs-c-borlabs-cookie\"><tr><th scope=\"row\">nombre<\/th><td>Galleta Borlabs<\/td><\/tr><tr><th scope=\"row\">Proveedor<\/th><td>Propietario de este sitio web<span>, <\/span><a href=\"https:\/\/www.magdaleneblue.com\/es\/aviso-legal\/\">Aviso legal<\/a><\/td><\/tr><tr><th scope=\"row\">Prop\u00f3sito<\/th><td>Guarda las preferencias de los visitantes seleccionados en la Cookie Box de Borlabs Cookie.<\/td><\/tr><tr><th scope=\"row\">Nombre de la galleta<\/th><td>galleta-borlabs<\/td><\/tr><tr><th scope=\"row\">Caducidad de la galleta<\/th><td>1 a\u00f1o<\/td><\/tr><\/table><\/div><h3 class=\"_brlbs _brlbs-cg-statistics\">Estad\u00edsticas<\/h3><p class=\"_brlbs _brlbs-cg-statistics\">Las cookies de estad\u00edsticas recogen informaci\u00f3n de forma an\u00f3nima. Esta informaci\u00f3n nos ayuda a entender c\u00f3mo nuestros visitantes utilizan nuestro sitio web.<\/p><h4 class=\"_brlbs _brlbs-c-google-analytics\">Google analitico<\/h4><div class=\"_brlbs-responsive-table\"><table class=\"_brlbs _brlbs-c-google-analytics\"><tr><th scope=\"row\">nombre<\/th><td>Google analitico<\/td><\/tr><tr><th scope=\"row\">Proveedor<\/th><td>Google Ireland Limited, Gordon House, Barrow Street, Dubl\u00edn 4, Irlanda<\/td><\/tr><tr><th scope=\"row\">Prop\u00f3sito<\/th><td>Cookie de Google utilizada para el an\u00e1lisis del sitio web. Genera datos estad\u00edsticos sobre c\u00f3mo el visitante utiliza el sitio web.<\/td><\/tr><tr><th scope=\"row\">Pol\u00edtica de privacidad<\/th><td><a href=\"https:\/\/policies.google.com\/privacy?hl=en\" target=\"_blank\" rel=\"nofollow noopener noreferrer\">https:\/\/policies.google.com\/privacy?hl=en<\/a><\/td><\/tr><tr><th scope=\"row\">Nombre de la galleta<\/th><td>_ga,_gat,_gid<\/td><\/tr><tr><th scope=\"row\">Caducidad de la galleta<\/th><td>2 meses<\/td><\/tr><\/table><\/div><h3 class=\"_brlbs _brlbs-cg-external-media\">Medios externos<\/h3><p class=\"_brlbs _brlbs-cg-external-media\">El contenido de las plataformas de v\u00eddeo y de las plataformas de medios sociales est\u00e1 bloqueado por defecto. Si se aceptan cookies de medios externos, el acceso a contenidos ya no requiere un consentimiento manual.<\/p><h4 class=\"_brlbs _brlbs-c-facebook\">Facebook<\/h4><div class=\"_brlbs-responsive-table\"><table class=\"_brlbs _brlbs-c-facebook\"><tr><th scope=\"row\">nombre<\/th><td>Facebook<\/td><\/tr><tr><th scope=\"row\">Proveedor<\/th><td>Meta Platforms Ireland Limited, 4 Grand Canal Square, Dubl\u00edn 2, Irlanda<\/td><\/tr><tr><th scope=\"row\">Prop\u00f3sito<\/th><td>Se utiliza para desbloquear el contenido de Facebook.<\/td><\/tr><tr><th scope=\"row\">Pol\u00edtica de privacidad<\/th><td><a href=\"https:\/\/www.facebook.com\/privacy\/explanation\" target=\"_blank\" rel=\"nofollow noopener noreferrer\">https:\/\/www.facebook.com\/privacy\/explanation<\/a><\/td><\/tr><tr><th scope=\"row\">Hospedadores)<\/th><td>.facebook.com<\/td><\/tr><\/table><\/div><h4 class=\"_brlbs _brlbs-c-spotify\">Spotify<\/h4><div class=\"_brlbs-responsive-table\"><table class=\"_brlbs _brlbs-c-spotify\"><tr><th scope=\"row\">nombre<\/th><td>Spotify<\/td><\/tr><tr><th scope=\"row\">Proveedor<\/th><td>Spotify<\/td><\/tr><tr><th scope=\"row\">Prop\u00f3sito<\/th><td>Se utiliza para desbloquear el contenido de Spotify.<\/td><\/tr><tr><th scope=\"row\">Pol\u00edtica de privacidad<\/th><td><a href=\"https:\/\/www.spotify.com\/us\/legal\/privacy-policy\/\" target=\"_blank\" rel=\"nofollow noopener noreferrer\">https:\/\/www.spotify.com\/us\/legal\/privacy-policy\/<\/a><\/td><\/tr><tr><th scope=\"row\">Hospedadores)<\/th><td>spotify.com<\/td><\/tr><\/table><\/div><h4 class=\"_brlbs _brlbs-c-bandcamp\">Bandcamp<\/h4><div class=\"_brlbs-responsive-table\"><table class=\"_brlbs _brlbs-c-bandcamp\"><tr><th scope=\"row\">nombre<\/th><td>Bandcamp<\/td><\/tr><tr><th scope=\"row\">Proveedor<\/th><td>Bandcamp<\/td><\/tr><tr><th scope=\"row\">Prop\u00f3sito<\/th><td>Se utiliza para desbloquear el contenido de Bandcamp.<\/td><\/tr><tr><th scope=\"row\">Pol\u00edtica de privacidad<\/th><td><a href=\"https:\/\/bandcamp.com\/privacy\" target=\"_blank\" rel=\"nofollow noopener noreferrer\">https:\/\/bandcamp.com\/privacy<\/a><\/td><\/tr><tr><th scope=\"row\">Hospedadores)<\/th><td>bandcamp.com<\/td><\/tr><tr><th scope=\"row\">Nombre de la galleta<\/th><td>campamento de la banda<\/td><\/tr><\/table><\/div><h4 class=\"_brlbs _brlbs-c-applemusic\">m\u00fasica de manzana<\/h4><div class=\"_brlbs-responsive-table\"><table class=\"_brlbs _brlbs-c-applemusic\"><tr><th scope=\"row\">nombre<\/th><td>m\u00fasica de manzana<\/td><\/tr><tr><th scope=\"row\">Proveedor<\/th><td>Apple<\/td><\/tr><tr><th scope=\"row\">Prop\u00f3sito<\/th><td>Se utiliza para desbloquear el contenido de Apple Music.<\/td><\/tr><tr><th scope=\"row\">Pol\u00edtica de privacidad<\/th><td><a href=\"https:\/\/www.apple.com\/legal\/privacy\/data\/en\/apple-music\/\" target=\"_blank\" rel=\"nofollow noopener noreferrer\">https:\/\/www.apple.com\/legal\/privacy\/data\/en\/apple-music\/<\/a><\/td><\/tr><tr><th scope=\"row\">Hospedadores)<\/th><td>apple.com<\/td><\/tr><tr><th scope=\"row\">Nombre de la galleta<\/th><td>m\u00fasica de manzana<\/td><\/tr><\/table><\/div><h4 class=\"_brlbs _brlbs-c-googlemaps\">mapas de Google<\/h4><div class=\"_brlbs-responsive-table\"><table class=\"_brlbs _brlbs-c-googlemaps\"><tr><th scope=\"row\">nombre<\/th><td>mapas de Google<\/td><\/tr><tr><th scope=\"row\">Proveedor<\/th><td>Google Ireland Limited, Gordon House, Barrow Street, Dubl\u00edn 4, Irlanda<\/td><\/tr><tr><th scope=\"row\">Prop\u00f3sito<\/th><td>Se utiliza para desbloquear el contenido de Google Maps.<\/td><\/tr><tr><th scope=\"row\">Pol\u00edtica de privacidad<\/th><td><a href=\"https:\/\/policies.google.com\/privacy?hl=enl=en\" target=\"_blank\" rel=\"nofollow noopener noreferrer\">https:\/\/policies.google.com\/privacy?hl=enl=en<\/a><\/td><\/tr><tr><th scope=\"row\">Hospedadores)<\/th><td>.google.com<\/td><\/tr><tr><th scope=\"row\">Nombre de la galleta<\/th><td>DNI<\/td><\/tr><tr><th scope=\"row\">Caducidad de la galleta<\/th><td>6 meses<\/td><\/tr><\/table><\/div><h4 class=\"_brlbs _brlbs-c-instagram\">Instagram<\/h4><div class=\"_brlbs-responsive-table\"><table class=\"_brlbs _brlbs-c-instagram\"><tr><th scope=\"row\">nombre<\/th><td>Instagram<\/td><\/tr><tr><th scope=\"row\">Proveedor<\/th><td>Meta Platforms Ireland Limited, 4 Grand Canal Square, Dubl\u00edn 2, Irlanda<\/td><\/tr><tr><th scope=\"row\">Prop\u00f3sito<\/th><td>Se utiliza para desbloquear el contenido de Instagram.<\/td><\/tr><tr><th scope=\"row\">Pol\u00edtica de privacidad<\/th><td><a href=\"https:\/\/www.instagram.com\/legal\/privacy\/\" target=\"_blank\" rel=\"nofollow noopener noreferrer\">https:\/\/www.instagram.com\/legal\/privacy\/<\/a><\/td><\/tr><tr><th scope=\"row\">Hospedadores)<\/th><td>.instagram.com<\/td><\/tr><tr><th scope=\"row\">Nombre de la galleta<\/th><td>estado_paloma<\/td><\/tr><tr><th scope=\"row\">Caducidad de la galleta<\/th><td>sesi\u00f3n<\/td><\/tr><\/table><\/div><h4 class=\"_brlbs _brlbs-c-twitter\">Gorjeo<\/h4><div class=\"_brlbs-responsive-table\"><table class=\"_brlbs _brlbs-c-twitter\"><tr><th scope=\"row\">nombre<\/th><td>Gorjeo<\/td><\/tr><tr><th scope=\"row\">Proveedor<\/th><td>Twitter International Company, One Cumberland Place, Fenian Street, Dubl\u00edn 2, D02 AX07, Irlanda<\/td><\/tr><tr><th scope=\"row\">Prop\u00f3sito<\/th><td>Se utiliza para desbloquear el contenido de Twitter.<\/td><\/tr><tr><th scope=\"row\">Pol\u00edtica de privacidad<\/th><td><a href=\"https:\/\/twitter.com\/privacy\" target=\"_blank\" rel=\"nofollow noopener noreferrer\">https:\/\/twitter.com\/privacy<\/a><\/td><\/tr><tr><th scope=\"row\">Hospedadores)<\/th><td>.twimg.com, .twitter.com<\/td><\/tr><tr><th scope=\"row\">Nombre de la galleta<\/th><td>__widgetsettings, local_storage_support_test<\/td><\/tr><tr><th scope=\"row\">Caducidad de la galleta<\/th><td>Ilimitado<\/td><\/tr><\/table><\/div><h4 class=\"_brlbs _brlbs-c-vimeo\">Vimeo<\/h4><div class=\"_brlbs-responsive-table\"><table class=\"_brlbs _brlbs-c-vimeo\"><tr><th scope=\"row\">nombre<\/th><td>Vimeo<\/td><\/tr><tr><th scope=\"row\">Proveedor<\/th><td>Vimeo Inc., 555 West 18th Street, Nueva York, Nueva York 10011, EE. UU.<\/td><\/tr><tr><th scope=\"row\">Prop\u00f3sito<\/th><td>Se utiliza para desbloquear el contenido de Vimeo.<\/td><\/tr><tr><th scope=\"row\">Pol\u00edtica de privacidad<\/th><td><a href=\"https:\/\/vimeo.com\/privacy\" target=\"_blank\" rel=\"nofollow noopener noreferrer\">https:\/\/vimeo.com\/privacy<\/a><\/td><\/tr><tr><th scope=\"row\">Hospedadores)<\/th><td>reproductor.vimeo.com<\/td><\/tr><tr><th scope=\"row\">Nombre de la galleta<\/th><td>vac\u00edo<\/td><\/tr><tr><th scope=\"row\">Caducidad de la galleta<\/th><td>2 a\u00f1os<\/td><\/tr><\/table><\/div><h4 class=\"_brlbs _brlbs-c-youtube\">YouTube<\/h4><div class=\"_brlbs-responsive-table\"><table class=\"_brlbs _brlbs-c-youtube\"><tr><th scope=\"row\">nombre<\/th><td>YouTube<\/td><\/tr><tr><th scope=\"row\">Proveedor<\/th><td>Google Ireland Limited, Gordon House, Barrow Street, Dubl\u00edn 4, Irlanda<\/td><\/tr><tr><th scope=\"row\">Prop\u00f3sito<\/th><td>Se utiliza para desbloquear el contenido de YouTube.<\/td><\/tr><tr><th scope=\"row\">Pol\u00edtica de privacidad<\/th><td><a href=\"https:\/\/policies.google.com\/privacy?hl=enl=en\" target=\"_blank\" rel=\"nofollow noopener noreferrer\">https:\/\/policies.google.com\/privacy?hl=enl=en<\/a><\/td><\/tr><tr><th scope=\"row\">Hospedadores)<\/th><td>google.com<\/td><\/tr><tr><th scope=\"row\">Nombre de la galleta<\/th><td>DNI<\/td><\/tr><tr><th scope=\"row\">Caducidad de la galleta<\/th><td>6 meses<\/td><\/tr><\/table><\/div><\/div>\n<h2>C\u00f3mo puedes configurar tus cookies<\/h2>\n<p>Al navegar y continuar en nuestro sitio web, estar\u00e1s consintiendo el uso de las Cookies en las condiciones contenidas en la presente Pol\u00edtica de Cookies. Como, tienes la posibilidad de ejercer tu derecho a bloquear usuario, eliminar y rechazar el uso de Cookies, en todo momento, modificando las opciones de tu navegador.<\/p>\n<p>Por ejemplo:<\/p>\n<ol>\n<li>Internet Explorer: Herramientas &gt; Opciones de Internet &gt; Privacidad &gt; Configuraci\u00f3n. Para m\u00e1s informaci\u00f3n, puedes consultar el soporte de Microsoft o la Ayuda del navegador.<\/li>\n<li>Mozilla Firefox: Herramientas &gt; Opciones &gt; Privacidad &gt; Historial &gt; Configuraci\u00f3n Personalizada. Para m\u00e1s informaci\u00f3n, puedes consultar el soporte de Mozilla o la Ayuda del navegador.<\/li>\n<li>Google Chrome: Configuraci\u00f3n &gt; Mostrar opciones avanzadas &gt; Privacidad -&gt; Configuraci\u00f3n de contenido. Para m\u00e1s informaci\u00f3n, puedes consultar el soporte de Google o la Ayuda del navegador.<\/li>\n<li>Safari: Preferencias &gt; Seguridad. Para m\u00e1s informaci\u00f3n, puedes consultar el soporte de Apple o la Ayuda del navegador.<\/li>\n<li>Opera: Configuraci\u00f3n &gt; Opciones &gt; Avanzado &gt; Cookies Para m\u00e1s informaci\u00f3n, puedes consultar el soporte de Opera o la Ayuda del navegador.<\/li>\n<\/ol>\n<p>Si utilizas otro navegador distinto a los anteriores, consulta su pol\u00edtica de instalaci\u00f3n, uso y bloqueo de cookies.<\/p>\n<h2>Tu historial de consentimiento<\/h2>\n<div class=\"BorlabsCookie\" data-borlabs-cookie-consent-history><div class=\"_brlbs-responsive-table\"><table class=\"_brlbs-table\"><thead><tr><th class=\"_brlbs-table-date\" scope=\"col\">fecha<\/th><th class=\"_brlbs-table-version\" scope=\"col\">Versi\u00f3n<\/th><th class=\"_brlbs-table-consents\" scope=\"col\">Consentimientos<\/th><\/tr><\/thead><\/table><\/div><\/div>\n<h2>\u00bfQu\u00e9 ocurre si se deshabilitan las Cookies?<\/h2>\n<p>Algunas funcionalidades de los Servicios o \u00e1reas de este sitio web podr\u00edan no funcionar correctamente.<\/p>\n<h2>Actualizaciones de nuestra pol\u00edtica de Cookies<\/h2>\n<p>Es posible que actualicemos la pol\u00edtica de Cookies de nuestra p\u00e1gina web, por ello, nuestros abogados nos piden que te recomendamos revisar esta pol\u00edtica cada vez que accedas a nuestro sitio web, con el objetivo de estar adecuadamente informado sobre c\u00f3mo y para que utilizamos las Cookies. .<\/p>","protected":false},"excerpt":{"rendered":"<p>Esta web utiliza cookies. Aqu\u00ed te explicamos qu\u00e9 son las cookies y c\u00f3mo las usamos en nuestra web. Puedes cambiar tus preferencias de cookies en cualquier momento: En cumplimiento de la Ley 34\/2002, de 11 de julio, de Servicios de la Sociedad de la Informaci\u00f3n y Comercio Electr\u00f3nico, te informamos de que este sitio web, [&hellip;]<\/p>\n","protected":false},"author":1,"featured_media":0,"parent":0,"menu_order":14,"comment_status":"closed","ping_status":"closed","template":"","meta":{"footnotes":""},"class_list":["post-88","page","type-page","status-publish","hentry"],"yoast_head":"<!-- This site is optimized with the Yoast SEO plugin v27.4 - https:\/\/yoast.com\/product\/yoast-seo-wordpress\/ -->\n<title>Pol\u00edtica de cookies - Magdalene Blue<\/title>\n<meta name=\"description\" content=\"Pol\u00edtica de cookies de Magdalene Blue\" \/>\n<meta name=\"robots\" content=\"index, follow, max-snippet:-1, max-image-preview:large, max-video-preview:-1\" \/>\n<link rel=\"canonical\" href=\"https:\/\/www.magdaleneblue.com\/es\/politica-de-galletas\/\" \/>\n<meta property=\"og:locale\" content=\"es_ES\" \/>\n<meta property=\"og:type\" content=\"article\" \/>\n<meta property=\"og:title\" content=\"Pol\u00edtica de cookies - Magdalene Blue\" \/>\n<meta property=\"og:description\" content=\"Pol\u00edtica de cookies de Magdalene Blue\" \/>\n<meta property=\"og:url\" content=\"https:\/\/www.magdaleneblue.com\/es\/politica-de-galletas\/\" \/>\n<meta property=\"og:site_name\" content=\"Magdalene Blue\" \/>\n<meta property=\"article:modified_time\" content=\"2023-12-04T12:29:20+00:00\" \/>\n<meta property=\"og:image\" content=\"https:\/\/www.magdaleneblue.com\/wp-content\/uploads\/2023\/10\/image.png\" \/>\n\t<meta property=\"og:image:width\" content=\"720\" \/>\n\t<meta property=\"og:image:height\" content=\"720\" \/>\n\t<meta property=\"og:image:type\" content=\"image\/png\" \/>\n<meta name=\"twitter:card\" content=\"summary_large_image\" \/>\n<meta name=\"twitter:site\" content=\"@magdalenebluemu\" \/>\n<script type=\"application\/ld+json\" class=\"yoast-schema-graph\">{\"@context\":\"https:\\\/\\\/schema.org\",\"@graph\":[{\"@type\":\"WebPage\",\"@id\":\"https:\\\/\\\/www.magdaleneblue.com\\\/politica-de-cookies\\\/\",\"url\":\"https:\\\/\\\/www.magdaleneblue.com\\\/politica-de-cookies\\\/\",\"name\":\"Pol\u00edtica de cookies - Magdalene Blue\",\"isPartOf\":{\"@id\":\"https:\\\/\\\/www.magdaleneblue.com\\\/#website\"},\"datePublished\":\"2023-03-01T13:03:52+00:00\",\"dateModified\":\"2023-12-04T12:29:20+00:00\",\"description\":\"Pol\u00edtica de cookies de Magdalene Blue\",\"breadcrumb\":{\"@id\":\"https:\\\/\\\/www.magdaleneblue.com\\\/politica-de-cookies\\\/#breadcrumb\"},\"inLanguage\":\"es\",\"potentialAction\":[{\"@type\":\"ReadAction\",\"target\":[\"https:\\\/\\\/www.magdaleneblue.com\\\/politica-de-cookies\\\/\"]}]},{\"@type\":\"BreadcrumbList\",\"@id\":\"https:\\\/\\\/www.magdaleneblue.com\\\/politica-de-cookies\\\/#breadcrumb\",\"itemListElement\":[{\"@type\":\"ListItem\",\"position\":1,\"name\":\"Inicio\",\"item\":\"https:\\\/\\\/www.magdaleneblue.com\\\/\"},{\"@type\":\"ListItem\",\"position\":2,\"name\":\"Pol\u00edtica de cookies\"}]},{\"@type\":\"WebSite\",\"@id\":\"https:\\\/\\\/www.magdaleneblue.com\\\/#website\",\"url\":\"https:\\\/\\\/www.magdaleneblue.com\\\/\",\"name\":\"Magdalene Blue\",\"description\":\"A classically-trained singer and songwriter\",\"publisher\":{\"@id\":\"https:\\\/\\\/www.magdaleneblue.com\\\/#organization\"},\"potentialAction\":[{\"@type\":\"SearchAction\",\"target\":{\"@type\":\"EntryPoint\",\"urlTemplate\":\"https:\\\/\\\/www.magdaleneblue.com\\\/?s={search_term_string}\"},\"query-input\":{\"@type\":\"PropertyValueSpecification\",\"valueRequired\":true,\"valueName\":\"search_term_string\"}}],\"inLanguage\":\"es\"},{\"@type\":\"Organization\",\"@id\":\"https:\\\/\\\/www.magdaleneblue.com\\\/#organization\",\"name\":\"Magdalene Blue\",\"url\":\"https:\\\/\\\/www.magdaleneblue.com\\\/\",\"logo\":{\"@type\":\"ImageObject\",\"inLanguage\":\"es\",\"@id\":\"https:\\\/\\\/www.magdaleneblue.com\\\/#\\\/schema\\\/logo\\\/image\\\/\",\"url\":\"https:\\\/\\\/www.magdaleneblue.com\\\/wp-content\\\/uploads\\\/2023\\\/10\\\/image.png\",\"contentUrl\":\"https:\\\/\\\/www.magdaleneblue.com\\\/wp-content\\\/uploads\\\/2023\\\/10\\\/image.png\",\"width\":720,\"height\":720,\"caption\":\"Magdalene Blue\"},\"image\":{\"@id\":\"https:\\\/\\\/www.magdaleneblue.com\\\/#\\\/schema\\\/logo\\\/image\\\/\"},\"sameAs\":[\"https:\\\/\\\/x.com\\\/magdalenebluemu\",\"https:\\\/\\\/www.instagram.com\\\/magdaleneblue\\\/\"]}]}<\/script>\n<!-- \/ Yoast SEO plugin. -->","yoast_head_json":{"title":"Pol\u00edtica de cookies - Magdalene Blue","description":"Pol\u00edtica de cookies de Magdalene Blue","robots":{"index":"index","follow":"follow","max-snippet":"max-snippet:-1","max-image-preview":"max-image-preview:large","max-video-preview":"max-video-preview:-1"},"canonical":"https:\/\/www.magdaleneblue.com\/es\/politica-de-galletas\/","og_locale":"es_ES","og_type":"article","og_title":"Pol\u00edtica de cookies - Magdalene Blue","og_description":"Pol\u00edtica de cookies de Magdalene Blue","og_url":"https:\/\/www.magdaleneblue.com\/es\/politica-de-galletas\/","og_site_name":"Magdalene Blue","article_modified_time":"2023-12-04T12:29:20+00:00","og_image":[{"width":720,"height":720,"url":"https:\/\/www.magdaleneblue.com\/wp-content\/uploads\/2023\/10\/image.png","type":"image\/png"}],"twitter_card":"summary_large_image","twitter_site":"@magdalenebluemu","schema":{"@context":"https:\/\/schema.org","@graph":[{"@type":"WebPage","@id":"https:\/\/www.magdaleneblue.com\/politica-de-cookies\/","url":"https:\/\/www.magdaleneblue.com\/politica-de-cookies\/","name":"Pol\u00edtica de cookies - Magdalene Blue","isPartOf":{"@id":"https:\/\/www.magdaleneblue.com\/#website"},"datePublished":"2023-03-01T13:03:52+00:00","dateModified":"2023-12-04T12:29:20+00:00","description":"Pol\u00edtica de cookies de Magdalene Blue","breadcrumb":{"@id":"https:\/\/www.magdaleneblue.com\/politica-de-cookies\/#breadcrumb"},"inLanguage":"es","potentialAction":[{"@type":"ReadAction","target":["https:\/\/www.magdaleneblue.com\/politica-de-cookies\/"]}]},{"@type":"BreadcrumbList","@id":"https:\/\/www.magdaleneblue.com\/politica-de-cookies\/#breadcrumb","itemListElement":[{"@type":"ListItem","position":1,"name":"Inicio","item":"https:\/\/www.magdaleneblue.com\/"},{"@type":"ListItem","position":2,"name":"Pol\u00edtica de cookies"}]},{"@type":"WebSite","@id":"https:\/\/www.magdaleneblue.com\/#website","url":"https:\/\/www.magdaleneblue.com\/","name":"Magdalene Blue","description":"Un cantante y compositor de formaci\u00f3n cl\u00e1sica.","publisher":{"@id":"https:\/\/www.magdaleneblue.com\/#organization"},"potentialAction":[{"@type":"SearchAction","target":{"@type":"EntryPoint","urlTemplate":"https:\/\/www.magdaleneblue.com\/?s={search_term_string}"},"query-input":{"@type":"PropertyValueSpecification","valueRequired":true,"valueName":"search_term_string"}}],"inLanguage":"es"},{"@type":"Organization","@id":"https:\/\/www.magdaleneblue.com\/#organization","name":"Magdalene Blue","url":"https:\/\/www.magdaleneblue.com\/","logo":{"@type":"ImageObject","inLanguage":"es","@id":"https:\/\/www.magdaleneblue.com\/#\/schema\/logo\/image\/","url":"https:\/\/www.magdaleneblue.com\/wp-content\/uploads\/2023\/10\/image.png","contentUrl":"https:\/\/www.magdaleneblue.com\/wp-content\/uploads\/2023\/10\/image.png","width":720,"height":720,"caption":"Magdalene Blue"},"image":{"@id":"https:\/\/www.magdaleneblue.com\/#\/schema\/logo\/image\/"},"sameAs":["https:\/\/x.com\/magdalenebluemu","https:\/\/www.instagram.com\/magdaleneblue\/"]}]}},"_links":{"self":[{"href":"https:\/\/www.magdaleneblue.com\/es\/wp-json\/wp\/v2\/pages\/88","targetHints":{"allow":["GET"]}}],"collection":[{"href":"https:\/\/www.magdaleneblue.com\/es\/wp-json\/wp\/v2\/pages"}],"about":[{"href":"https:\/\/www.magdaleneblue.com\/es\/wp-json\/wp\/v2\/types\/page"}],"author":[{"embeddable":true,"href":"https:\/\/www.magdaleneblue.com\/es\/wp-json\/wp\/v2\/users\/1"}],"replies":[{"embeddable":true,"href":"https:\/\/www.magdaleneblue.com\/es\/wp-json\/wp\/v2\/comments?post=88"}],"version-history":[{"count":1,"href":"https:\/\/www.magdaleneblue.com\/es\/wp-json\/wp\/v2\/pages\/88\/revisions"}],"predecessor-version":[{"id":1388,"href":"https:\/\/www.magdaleneblue.com\/es\/wp-json\/wp\/v2\/pages\/88\/revisions\/1388"}],"wp:attachment":[{"href":"https:\/\/www.magdaleneblue.com\/es\/wp-json\/wp\/v2\/media?parent=88"}],"curies":[{"name":"gracias","href":"https:\/\/api.w.org\/{rel}","templated":true}]}}