{"id":889,"date":"2023-11-01T11:47:33","date_gmt":"2023-11-01T10:47:33","guid":{"rendered":"https:\/\/www.magdaleneblue.com\/?page_id=889"},"modified":"2025-05-25T13:00:34","modified_gmt":"2025-05-25T11:00:34","slug":"cuantos-mas","status":"publish","type":"page","link":"https:\/\/www.magdaleneblue.com\/es\/how-many-more\/","title":{"rendered":"How Many More"},"content":{"rendered":"<div data-elementor-type=\"wp-page\" data-elementor-id=\"889\" class=\"elementor elementor-889\" data-elementor-post-type=\"page\">\n\t\t\t\t\t\t<section class=\"elementor-section elementor-top-section elementor-element elementor-element-6d2d9264 elementor-section-boxed elementor-section-height-default elementor-section-height-default\" data-id=\"6d2d9264\" data-element_type=\"section\" data-e-type=\"section\" data-settings=\"{&quot;background_background&quot;:&quot;video&quot;,&quot;background_video_link&quot;:&quot;https:\\\/\\\/www.youtube.com\\\/watch?v=hQoJwAI-FyI&quot;,&quot;background_video_start&quot;:20,&quot;background_video_end&quot;:30,&quot;background_play_on_mobile&quot;:&quot;yes&quot;}\">\n\t\t\t\t\t\t\t\t<div class=\"elementor-background-video-container\">\n\t\t\t\t\t\t\t\t\t\t\t\t\t<div class=\"elementor-background-video-embed\" role=\"presentation\"><\/div>\n\t\t\t\t\t\t\t\t\t\t\t\t<\/div>\n\t\t\t\t\t\t\t\t\t<div class=\"elementor-background-overlay\"><\/div>\n\t\t\t\t\t\t\t<div class=\"elementor-container elementor-column-gap-default\">\n\t\t\t\t\t<div class=\"elementor-column elementor-col-100 elementor-top-column elementor-element elementor-element-7311d071\" data-id=\"7311d071\" data-element_type=\"column\" data-e-type=\"column\">\n\t\t\t<div class=\"elementor-widget-wrap elementor-element-populated\">\n\t\t\t\t\t\t<div class=\"elementor-element elementor-element-681f268b elementor-widget elementor-widget-heading\" data-id=\"681f268b\" data-element_type=\"widget\" data-e-type=\"widget\" data-widget_type=\"heading.default\">\n\t\t\t\t<div class=\"elementor-widget-container\">\n\t\t\t\t\t<div class=\"elementor-heading-title elementor-size-default\">How Many More<\/div>\t\t\t\t<\/div>\n\t\t\t\t<\/div>\n\t\t\t\t<div class=\"elementor-element elementor-element-6a3161fd elementor-widget elementor-widget-text-editor\" data-id=\"6a3161fd\" data-element_type=\"widget\" data-e-type=\"widget\" data-widget_type=\"text-editor.default\">\n\t\t\t\t<div class=\"elementor-widget-container\">\n\t\t\t\t\t\t\t\t\t<p id=\"u21826-2\">Single<\/p>\t\t\t\t\t\t\t\t<\/div>\n\t\t\t\t<\/div>\n\t\t\t\t\t<\/div>\n\t\t<\/div>\n\t\t\t\t\t<\/div>\n\t\t<\/section>\n\t\t\t\t<section class=\"elementor-section elementor-top-section elementor-element elementor-element-62ff5e7 elementor-section-boxed elementor-section-height-default elementor-section-height-default\" data-id=\"62ff5e7\" data-element_type=\"section\" data-e-type=\"section\" data-settings=\"{&quot;background_background&quot;:&quot;classic&quot;}\">\n\t\t\t\t\t\t<div class=\"elementor-container elementor-column-gap-default\">\n\t\t\t\t\t<div class=\"elementor-column elementor-col-100 elementor-top-column elementor-element elementor-element-302da4c6\" data-id=\"302da4c6\" data-element_type=\"column\" data-e-type=\"column\">\n\t\t\t<div class=\"elementor-widget-wrap elementor-element-populated\">\n\t\t\t\t\t\t<section class=\"elementor-section elementor-inner-section elementor-element elementor-element-30adc9d8 elementor-section-boxed elementor-section-height-default elementor-section-height-default\" data-id=\"30adc9d8\" data-element_type=\"section\" data-e-type=\"section\">\n\t\t\t\t\t\t<div class=\"elementor-container elementor-column-gap-wider\">\n\t\t\t\t\t<div class=\"elementor-column elementor-col-50 elementor-inner-column elementor-element elementor-element-78acaff9\" data-id=\"78acaff9\" data-element_type=\"column\" data-e-type=\"column\">\n\t\t\t<div class=\"elementor-widget-wrap elementor-element-populated\">\n\t\t\t\t\t\t<div class=\"elementor-element elementor-element-79f135a7 elementor-widget elementor-widget-html\" data-id=\"79f135a7\" data-element_type=\"widget\" data-e-type=\"widget\" data-widget_type=\"html.default\">\n\t\t\t\t<div class=\"elementor-widget-container\">\n\t\t\t\t\t<div class=\"BorlabsCookie _brlbs-cb-spotify\"><div class=\"_brlbs-content-blocker\"> <div class=\"_brlbs-default\"> <p>Haga clic en el bot\u00f3n para cargar el contenido de Spotify.<\/p> <p><a class=\"_brlbs-btn\" href=\"#\" data-borlabs-cookie-unblock role=\"button\">Cargar el contenido<\/a><\/p> <\/div> <\/div><div class=\"borlabs-hide\" data-borlabs-cookie-type=\"content-blocker\" data-borlabs-cookie-id=\"spotify\"><script type=\"text\/template\">PGlmcmFtZSBzdHlsZT0iYm9yZGVyLXJhZGl1czoxMnB4IiBzcmM9Imh0dHBzOi8vb3Blbi5zcG90aWZ5LmNvbS9lbWJlZC9hbGJ1bS82blBVVHJRd2RZNXFwOVA2VnpNRHJGP3V0bV9zb3VyY2U9Z2VuZXJhdG9yIiB3aWR0aD0iMTAwJSIgaGVpZ2h0PSIzNTIiIGZyYW1lQm9yZGVyPSIwIiBhbGxvd2Z1bGxzY3JlZW49IiIgYWxsb3c9ImF1dG9wbGF5OyBjbGlwYm9hcmQtd3JpdGU7IGVuY3J5cHRlZC1tZWRpYTsgZnVsbHNjcmVlbjsgcGljdHVyZS1pbi1waWN0dXJlIiBsb2FkaW5nPSJsYXp5Ij48L2lmcmFtZT4=<\/script><\/div><\/div>\t\t\t\t<\/div>\n\t\t\t\t<\/div>\n\t\t\t\t\t<\/div>\n\t\t<\/div>\n\t\t\t\t<div class=\"elementor-column elementor-col-50 elementor-inner-column elementor-element elementor-element-36ba0b90\" data-id=\"36ba0b90\" data-element_type=\"column\" data-e-type=\"column\">\n\t\t\t<div class=\"elementor-widget-wrap elementor-element-populated\">\n\t\t\t\t\t\t<div class=\"elementor-element elementor-element-31415dde elementor-widget elementor-widget-text-editor\" data-id=\"31415dde\" data-element_type=\"widget\" data-e-type=\"widget\" data-widget_type=\"text-editor.default\">\n\t\t\t\t<div class=\"elementor-widget-container\">\n\t\t\t\t\t\t\t\t\t<p><strong>How Many More<\/strong><\/p>\t\t\t\t\t\t\t\t<\/div>\n\t\t\t\t<\/div>\n\t\t\t\t<div class=\"elementor-element elementor-element-529c12d3 elementor-widget elementor-widget-text-editor\" data-id=\"529c12d3\" data-element_type=\"widget\" data-e-type=\"widget\" data-widget_type=\"text-editor.default\">\n\t\t\t\t<div class=\"elementor-widget-container\">\n\t\t\t\t\t\t\t\t\t<p>\u00bfCu\u00e1ntos m\u00e1s deben morir? <\/p><p>Mis primos fueron a la preparatoria Parkland. Fue la gota que colm\u00f3 el vaso para m\u00ed. Me pas\u00e9 a lo que vi como una lucha pol\u00edtica. No lo es. Debemos despertar. Debemos votar por personas que creen leyes que nos protejan como lo hacen en TODOS LOS DEM\u00c1S PA\u00cdSES DESARROLLADOS DEL MUNDO. Y funciona. Estados Unidos, \u00bfqu\u00e9 esperas? \u00bfCu\u00e1ntos m\u00e1s? <\/p>\t\t\t\t\t\t\t\t<\/div>\n\t\t\t\t<\/div>\n\t\t\t\t<div class=\"elementor-element elementor-element-50529e86 elementor-widget elementor-widget-button\" data-id=\"50529e86\" data-element_type=\"widget\" data-e-type=\"widget\" data-widget_type=\"button.default\">\n\t\t\t\t<div class=\"elementor-widget-container\">\n\t\t\t\t\t\t\t\t\t<div class=\"elementor-button-wrapper\">\n\t\t\t\t\t<a class=\"elementor-button elementor-button-link elementor-size-sm\" href=\"https:\/\/ffm.to\/nx5axd7.OWE\">\n\t\t\t\t\t\t<span class=\"elementor-button-content-wrapper\">\n\t\t\t\t\t\t\t\t\t<span class=\"elementor-button-text\">TRANSMITIR \/ ESCUCHAR<\/span>\n\t\t\t\t\t<\/span>\n\t\t\t\t\t<\/a>\n\t\t\t\t<\/div>\n\t\t\t\t\t\t\t\t<\/div>\n\t\t\t\t<\/div>\n\t\t\t\t<div class=\"elementor-element elementor-element-7d796651 elementor-widget-divider--view-line elementor-widget elementor-widget-divider\" data-id=\"7d796651\" data-element_type=\"widget\" data-e-type=\"widget\" data-widget_type=\"divider.default\">\n\t\t\t\t<div class=\"elementor-widget-container\">\n\t\t\t\t\t\t\t<div class=\"elementor-divider\">\n\t\t\t<span class=\"elementor-divider-separator\">\n\t\t\t\t\t\t<\/span>\n\t\t<\/div>\n\t\t\t\t\t\t<\/div>\n\t\t\t\t<\/div>\n\t\t\t\t\t<\/div>\n\t\t<\/div>\n\t\t\t\t\t<\/div>\n\t\t<\/section>\n\t\t\t\t<div class=\"elementor-element elementor-element-3fc8ff4d elementor-widget elementor-widget-spacer\" data-id=\"3fc8ff4d\" data-element_type=\"widget\" data-e-type=\"widget\" data-widget_type=\"spacer.default\">\n\t\t\t\t<div class=\"elementor-widget-container\">\n\t\t\t\t\t\t\t<div class=\"elementor-spacer\">\n\t\t\t<div class=\"elementor-spacer-inner\"><\/div>\n\t\t<\/div>\n\t\t\t\t\t\t<\/div>\n\t\t\t\t<\/div>\n\t\t\t\t<div class=\"elementor-element elementor-element-6cb96d1b elementor-widget-divider--view-line elementor-widget elementor-widget-divider\" data-id=\"6cb96d1b\" data-element_type=\"widget\" data-e-type=\"widget\" data-widget_type=\"divider.default\">\n\t\t\t\t<div class=\"elementor-widget-container\">\n\t\t\t\t\t\t\t<div class=\"elementor-divider\">\n\t\t\t<span class=\"elementor-divider-separator\">\n\t\t\t\t\t\t<\/span>\n\t\t<\/div>\n\t\t\t\t\t\t<\/div>\n\t\t\t\t<\/div>\n\t\t\t\t<section class=\"elementor-section elementor-inner-section elementor-element elementor-element-6549a03 elementor-section-boxed elementor-section-height-default elementor-section-height-default\" data-id=\"6549a03\" data-element_type=\"section\" data-e-type=\"section\">\n\t\t\t\t\t\t<div class=\"elementor-container elementor-column-gap-default\">\n\t\t\t\t\t<div class=\"elementor-column elementor-col-50 elementor-inner-column elementor-element elementor-element-c84199\" data-id=\"c84199\" data-element_type=\"column\" data-e-type=\"column\">\n\t\t\t<div class=\"elementor-widget-wrap elementor-element-populated\">\n\t\t\t\t\t\t<div class=\"elementor-element elementor-element-c3f2f90 elementor-widget elementor-widget-text-editor\" data-id=\"c3f2f90\" data-element_type=\"widget\" data-e-type=\"widget\" data-widget_type=\"text-editor.default\">\n\t\t\t\t<div class=\"elementor-widget-container\">\n\t\t\t\t\t\t\t\t\t<p>Disponible en<\/p>\t\t\t\t\t\t\t\t<\/div>\n\t\t\t\t<\/div>\n\t\t\t\t<div class=\"elementor-element elementor-element-5ccfc97 e-grid-align-left e-grid-align-tablet-left e-grid-align-mobile-center elementor-shape-rounded elementor-grid-0 elementor-widget elementor-widget-social-icons\" data-id=\"5ccfc97\" data-element_type=\"widget\" data-e-type=\"widget\" data-widget_type=\"social-icons.default\">\n\t\t\t\t<div class=\"elementor-widget-container\">\n\t\t\t\t\t\t\t<div class=\"elementor-social-icons-wrapper elementor-grid\" role=\"list\">\n\t\t\t\t\t\t\t<span class=\"elementor-grid-item\" role=\"listitem\">\n\t\t\t\t\t<a class=\"elementor-icon elementor-social-icon elementor-social-icon-apple elementor-animation-float elementor-repeater-item-9c867cc\" href=\"https:\/\/music.apple.com\/es\/album\/how-many-more-single\/1619770437\" target=\"_blank\">\n\t\t\t\t\t\t<span class=\"elementor-screen-only\">Apple<\/span>\n\t\t\t\t\t\t<i aria-hidden=\"true\" class=\"fab fa-apple\"><\/i>\t\t\t\t\t<\/a>\n\t\t\t\t<\/span>\n\t\t\t\t\t\t\t<span class=\"elementor-grid-item\" role=\"listitem\">\n\t\t\t\t\t<a class=\"elementor-icon elementor-social-icon elementor-social-icon-spotify elementor-animation-float elementor-repeater-item-b690889\" href=\"https:\/\/api.ffm.to\/sl\/e\/c\/nx5axd7?cd=eyJ1YSI6eyJ1YSI6Ik1vemlsbGEvNS4wIChNYWNpbnRvc2g7IEludGVsIE1hYyBPUyBYIDEwXzE1XzcpIEFwcGxlV2ViS2l0LzYwNS4xLjE1IChLSFRNTCwgbGlrZSBHZWNrbykgVmVyc2lvbi8xNy4wIFNhZmFyaS82MDUuMS4xNSIsImJyb3dzZXIiOnsibmFtZSI6IlNhZmFyaSIsInZlcnNpb24iOiIxNy4wIiwibWFqb3IiOiIxNyJ9LCJlbmdpbmUiOnsibmFtZSI6IldlYktpdCIsInZlcnNpb24iOiI2MDUuMS4xNSJ9LCJvcyI6eyJuYW1lIjoiTWFjIE9TIiwidmVyc2lvbiI6IjEwLjE1LjcifSwiZGV2aWNlIjp7InZlbmRvciI6IkFwcGxlIiwibW9kZWwiOiJNYWNpbnRvc2gifSwiY3B1Ijp7fX0sImNsaWVudCI6eyJyaWQiOiIzZTJmZTY5Yy0zODc1LTQ0YTgtOTZiYi01ZDNiNzEyOGQ4MjMiLCJzaWQiOiI3ZDcxMjdmNS0yNmNiLTRlMWMtODBlNC1mM2EwODBmMzk5YjYiLCJpcCI6Ijg4LjE0Ljc1LjYiLCJyZWYiOiJodHRwczovL2ZmbS50by8iLCJob3N0IjoiZmZtLnRvIiwibGFuZyI6ImVzLUVTIiwiaXBDb3VudHJ5IjoiRVMifSwiaXNXZWJwU3VwcG9ydGVkIjpmYWxzZSwiaXNGcm9tRVUiOnRydWUsImNvdW50cnlDb2RlIjoiRVMiLCJ1c2VBZmYiOiJvcmlnaW4iLCJpZCI6IjYyOWQxZTk5MzUwMDAwMzgwMGYyNDYwNSIsInBydiI6dHJ1ZSwiaXNQcmVSIjpmYWxzZSwidHpvIjpudWxsLCJjaCI6Ik9XRSIsImFuIjpudWxsLCJkZXN0VXJsIjoiaHR0cHM6Ly9vcGVuLnNwb3RpZnkuY29tL2FsYnVtLzZuUFVUclF3ZFk1cXA5UDZWek1EckYiLCJ2aWQiOiI3ZGMxYWJmYy0wNmRlLTQzOWQtOGVlOC01ZTQ0ODlkYzhhMzQiLCJzcnZjIjoic3BvdGlmeSIsInByb2R1Y3QiOiJzbWFydGxpbmsiLCJzaG9ydElkIjoibng1YXhkNyIsImlzQXV0aG9yaXphdGlvblJlcXVpcmVkIjpmYWxzZSwib3duZXIiOiI2MGZiNmU3OTM0MDAwMDVjNWZhYzI4NjUiLCJhciI6IjYwZmI2ZWMwMmYwMDAwMDJlZGI2MzAxMiIsImlzU2hvcnRMaW5rIjpmYWxzZX0\" target=\"_blank\">\n\t\t\t\t\t\t<span class=\"elementor-screen-only\">Spotify<\/span>\n\t\t\t\t\t\t<i aria-hidden=\"true\" class=\"fab fa-spotify\"><\/i>\t\t\t\t\t<\/a>\n\t\t\t\t<\/span>\n\t\t\t\t\t<\/div>\n\t\t\t\t\t\t<\/div>\n\t\t\t\t<\/div>\n\t\t\t\t\t<\/div>\n\t\t<\/div>\n\t\t\t\t<div class=\"elementor-column elementor-col-50 elementor-inner-column elementor-element elementor-element-34fec6aa\" data-id=\"34fec6aa\" data-element_type=\"column\" data-e-type=\"column\">\n\t\t\t<div class=\"elementor-widget-wrap elementor-element-populated\">\n\t\t\t\t\t\t<div class=\"elementor-element elementor-element-331ef12f elementor-widget elementor-widget-text-editor\" data-id=\"331ef12f\" data-element_type=\"widget\" data-e-type=\"widget\" data-widget_type=\"text-editor.default\">\n\t\t\t\t<div class=\"elementor-widget-container\">\n\t\t\t\t\t\t\t\t\t<p>Seguir compartir<\/p>\t\t\t\t\t\t\t\t<\/div>\n\t\t\t\t<\/div>\n\t\t\t\t<div class=\"elementor-element elementor-element-75cbd34e e-grid-align-left e-grid-align-tablet-left e-grid-align-mobile-center elementor-shape-rounded elementor-grid-0 elementor-widget elementor-widget-global elementor-global-934 elementor-widget-social-icons\" data-id=\"75cbd34e\" data-element_type=\"widget\" data-e-type=\"widget\" data-widget_type=\"social-icons.default\">\n\t\t\t\t<div class=\"elementor-widget-container\">\n\t\t\t\t\t\t\t<div class=\"elementor-social-icons-wrapper elementor-grid\" role=\"list\">\n\t\t\t\t\t\t\t<span class=\"elementor-grid-item\" role=\"listitem\">\n\t\t\t\t\t<a class=\"elementor-icon elementor-social-icon elementor-social-icon-instagram elementor-animation-float elementor-repeater-item-f74f9b1\" href=\"https:\/\/www.instagram.com\/magdaleneblue\/\" target=\"_blank\">\n\t\t\t\t\t\t<span class=\"elementor-screen-only\">Instagram<\/span>\n\t\t\t\t\t\t<i aria-hidden=\"true\" class=\"fab fa-instagram\"><\/i>\t\t\t\t\t<\/a>\n\t\t\t\t<\/span>\n\t\t\t\t\t\t\t<span class=\"elementor-grid-item\" role=\"listitem\">\n\t\t\t\t\t<a class=\"elementor-icon elementor-social-icon elementor-social-icon-youtube elementor-animation-float elementor-repeater-item-e940fe5\" href=\"https:\/\/www.youtube.com\/channel\/UCyCKl2W29hQr2KO3WskcIaQ\" target=\"_blank\">\n\t\t\t\t\t\t<span class=\"elementor-screen-only\">YouTube<\/span>\n\t\t\t\t\t\t<i aria-hidden=\"true\" class=\"fab fa-youtube\"><\/i>\t\t\t\t\t<\/a>\n\t\t\t\t<\/span>\n\t\t\t\t\t\t\t<span class=\"elementor-grid-item\" role=\"listitem\">\n\t\t\t\t\t<a class=\"elementor-icon elementor-social-icon elementor-social-icon-spotify elementor-animation-float elementor-repeater-item-7f253d5\" href=\"https:\/\/open.spotify.com\/artist\/6JztX6BHu55DACnyO6EMQ2\" target=\"_blank\">\n\t\t\t\t\t\t<span class=\"elementor-screen-only\">Spotify<\/span>\n\t\t\t\t\t\t<i aria-hidden=\"true\" class=\"fab fa-spotify\"><\/i>\t\t\t\t\t<\/a>\n\t\t\t\t<\/span>\n\t\t\t\t\t\t\t<span class=\"elementor-grid-item\" role=\"listitem\">\n\t\t\t\t\t<a class=\"elementor-icon elementor-social-icon elementor-social-icon-soundcloud elementor-animation-float elementor-repeater-item-a092264\" href=\"https:\/\/soundcloud.com\/magdaleneblue\" target=\"_blank\">\n\t\t\t\t\t\t<span class=\"elementor-screen-only\">nube de sonido<\/span>\n\t\t\t\t\t\t<i aria-hidden=\"true\" class=\"fab fa-soundcloud\"><\/i>\t\t\t\t\t<\/a>\n\t\t\t\t<\/span>\n\t\t\t\t\t<\/div>\n\t\t\t\t\t\t<\/div>\n\t\t\t\t<\/div>\n\t\t\t\t\t<\/div>\n\t\t<\/div>\n\t\t\t\t\t<\/div>\n\t\t<\/section>\n\t\t\t\t\t<\/div>\n\t\t<\/div>\n\t\t\t\t\t<\/div>\n\t\t<\/section>\n\t\t\t\t<\/div>","protected":false},"excerpt":{"rendered":"<p>Single Haga clic en el bot\u00f3n para cargar el contenido de Spotify. Cargar el contenido How Many More How Many More must die? My cousins went to Parkland High School.\u00a0 It was the last straw for me.\u00a0 I crossed over into what I saw as a political fight. It&#8217;s not.\u00a0 We must wake up. We [&hellip;]<\/p>\n","protected":false},"author":1,"featured_media":1278,"parent":0,"menu_order":6,"comment_status":"closed","ping_status":"closed","template":"","meta":{"footnotes":""},"class_list":["post-889","page","type-page","status-publish","has-post-thumbnail","hentry"],"yoast_head":"<!-- This site is optimized with the Yoast SEO plugin v27.4 - https:\/\/yoast.com\/product\/yoast-seo-wordpress\/ -->\n<title>How Many More - Magdalene Blue<\/title>\n<meta name=\"description\" content=\"Magdalene Blue&#039;s &#039;How Many More&#039;: A poignant single addressing the impact of gun violence. Original composition with Touch Music&#039;s EDM and Jazz House remixes.\" \/>\n<meta name=\"robots\" content=\"index, follow, max-snippet:-1, max-image-preview:large, max-video-preview:-1\" \/>\n<link rel=\"canonical\" href=\"https:\/\/www.magdaleneblue.com\/es\/cuantos-mas\/\" \/>\n<meta property=\"og:locale\" content=\"es_ES\" \/>\n<meta property=\"og:type\" content=\"article\" \/>\n<meta property=\"og:title\" content=\"How Many More - Magdalene Blue\" \/>\n<meta property=\"og:description\" content=\"Magdalene Blue&#039;s &#039;How Many More&#039;: A poignant single addressing the impact of gun violence. Original composition with Touch Music&#039;s EDM and Jazz House remixes.\" \/>\n<meta property=\"og:url\" content=\"https:\/\/www.magdaleneblue.com\/es\/cuantos-mas\/\" \/>\n<meta property=\"og:site_name\" content=\"Magdalene Blue\" \/>\n<meta property=\"article:modified_time\" content=\"2025-05-25T11:00:34+00:00\" \/>\n<meta property=\"og:image\" content=\"https:\/\/www.magdaleneblue.com\/wp-content\/uploads\/2023\/11\/whatsapp-image-22023-11-17-600ppi.jpg\" \/>\n\t<meta property=\"og:image:width\" content=\"657\" \/>\n\t<meta property=\"og:image:height\" content=\"455\" \/>\n\t<meta property=\"og:image:type\" content=\"image\/jpeg\" \/>\n<meta name=\"twitter:card\" content=\"summary_large_image\" \/>\n<meta name=\"twitter:site\" content=\"@magdalenebluemu\" \/>\n<script type=\"application\/ld+json\" class=\"yoast-schema-graph\">{\"@context\":\"https:\\\/\\\/schema.org\",\"@graph\":[{\"@type\":\"WebPage\",\"@id\":\"https:\\\/\\\/www.magdaleneblue.com\\\/how-many-more\\\/\",\"url\":\"https:\\\/\\\/www.magdaleneblue.com\\\/how-many-more\\\/\",\"name\":\"How Many More - Magdalene Blue\",\"isPartOf\":{\"@id\":\"https:\\\/\\\/www.magdaleneblue.com\\\/#website\"},\"primaryImageOfPage\":{\"@id\":\"https:\\\/\\\/www.magdaleneblue.com\\\/how-many-more\\\/#primaryimage\"},\"image\":{\"@id\":\"https:\\\/\\\/www.magdaleneblue.com\\\/how-many-more\\\/#primaryimage\"},\"thumbnailUrl\":\"https:\\\/\\\/www.magdaleneblue.com\\\/wp-content\\\/uploads\\\/2023\\\/11\\\/whatsapp-image-22023-11-17-600ppi.jpg\",\"datePublished\":\"2023-11-01T10:47:33+00:00\",\"dateModified\":\"2025-05-25T11:00:34+00:00\",\"description\":\"Magdalene Blue's 'How Many More': A poignant single addressing the impact of gun violence. Original composition with Touch Music's EDM and Jazz House remixes.\",\"breadcrumb\":{\"@id\":\"https:\\\/\\\/www.magdaleneblue.com\\\/how-many-more\\\/#breadcrumb\"},\"inLanguage\":\"es\",\"potentialAction\":[{\"@type\":\"ReadAction\",\"target\":[\"https:\\\/\\\/www.magdaleneblue.com\\\/how-many-more\\\/\"]}]},{\"@type\":\"ImageObject\",\"inLanguage\":\"es\",\"@id\":\"https:\\\/\\\/www.magdaleneblue.com\\\/how-many-more\\\/#primaryimage\",\"url\":\"https:\\\/\\\/www.magdaleneblue.com\\\/wp-content\\\/uploads\\\/2023\\\/11\\\/whatsapp-image-22023-11-17-600ppi.jpg\",\"contentUrl\":\"https:\\\/\\\/www.magdaleneblue.com\\\/wp-content\\\/uploads\\\/2023\\\/11\\\/whatsapp-image-22023-11-17-600ppi.jpg\",\"width\":657,\"height\":455,\"caption\":\"Magdalene Blue\"},{\"@type\":\"BreadcrumbList\",\"@id\":\"https:\\\/\\\/www.magdaleneblue.com\\\/how-many-more\\\/#breadcrumb\",\"itemListElement\":[{\"@type\":\"ListItem\",\"position\":1,\"name\":\"Inicio\",\"item\":\"https:\\\/\\\/www.magdaleneblue.com\\\/\"},{\"@type\":\"ListItem\",\"position\":2,\"name\":\"How Many More\"}]},{\"@type\":\"WebSite\",\"@id\":\"https:\\\/\\\/www.magdaleneblue.com\\\/#website\",\"url\":\"https:\\\/\\\/www.magdaleneblue.com\\\/\",\"name\":\"Magdalene Blue\",\"description\":\"A classically-trained singer and songwriter\",\"publisher\":{\"@id\":\"https:\\\/\\\/www.magdaleneblue.com\\\/#organization\"},\"potentialAction\":[{\"@type\":\"SearchAction\",\"target\":{\"@type\":\"EntryPoint\",\"urlTemplate\":\"https:\\\/\\\/www.magdaleneblue.com\\\/?s={search_term_string}\"},\"query-input\":{\"@type\":\"PropertyValueSpecification\",\"valueRequired\":true,\"valueName\":\"search_term_string\"}}],\"inLanguage\":\"es\"},{\"@type\":\"Organization\",\"@id\":\"https:\\\/\\\/www.magdaleneblue.com\\\/#organization\",\"name\":\"Magdalene Blue\",\"url\":\"https:\\\/\\\/www.magdaleneblue.com\\\/\",\"logo\":{\"@type\":\"ImageObject\",\"inLanguage\":\"es\",\"@id\":\"https:\\\/\\\/www.magdaleneblue.com\\\/#\\\/schema\\\/logo\\\/image\\\/\",\"url\":\"https:\\\/\\\/www.magdaleneblue.com\\\/wp-content\\\/uploads\\\/2023\\\/10\\\/image.png\",\"contentUrl\":\"https:\\\/\\\/www.magdaleneblue.com\\\/wp-content\\\/uploads\\\/2023\\\/10\\\/image.png\",\"width\":720,\"height\":720,\"caption\":\"Magdalene Blue\"},\"image\":{\"@id\":\"https:\\\/\\\/www.magdaleneblue.com\\\/#\\\/schema\\\/logo\\\/image\\\/\"},\"sameAs\":[\"https:\\\/\\\/x.com\\\/magdalenebluemu\",\"https:\\\/\\\/www.instagram.com\\\/magdaleneblue\\\/\"]}]}<\/script>\n<!-- \/ Yoast SEO plugin. -->","yoast_head_json":{"title":"How Many More - Magdalene Blue","description":"&quot;How Many More&quot; de Magdalene Blue: Un sencillo conmovedor que aborda el impacto de la violencia armada. Composici\u00f3n original con remixes de EDM y Jazz House de Touch Music.","robots":{"index":"index","follow":"follow","max-snippet":"max-snippet:-1","max-image-preview":"max-image-preview:large","max-video-preview":"max-video-preview:-1"},"canonical":"https:\/\/www.magdaleneblue.com\/es\/cuantos-mas\/","og_locale":"es_ES","og_type":"article","og_title":"How Many More - Magdalene Blue","og_description":"Magdalene Blue's 'How Many More': A poignant single addressing the impact of gun violence. Original composition with Touch Music's EDM and Jazz House remixes.","og_url":"https:\/\/www.magdaleneblue.com\/es\/cuantos-mas\/","og_site_name":"Magdalene Blue","article_modified_time":"2025-05-25T11:00:34+00:00","og_image":[{"width":657,"height":455,"url":"https:\/\/www.magdaleneblue.com\/wp-content\/uploads\/2023\/11\/whatsapp-image-22023-11-17-600ppi.jpg","type":"image\/jpeg"}],"twitter_card":"summary_large_image","twitter_site":"@magdalenebluemu","schema":{"@context":"https:\/\/schema.org","@graph":[{"@type":"WebPage","@id":"https:\/\/www.magdaleneblue.com\/how-many-more\/","url":"https:\/\/www.magdaleneblue.com\/how-many-more\/","name":"How Many More - Magdalene Blue","isPartOf":{"@id":"https:\/\/www.magdaleneblue.com\/#website"},"primaryImageOfPage":{"@id":"https:\/\/www.magdaleneblue.com\/how-many-more\/#primaryimage"},"image":{"@id":"https:\/\/www.magdaleneblue.com\/how-many-more\/#primaryimage"},"thumbnailUrl":"https:\/\/www.magdaleneblue.com\/wp-content\/uploads\/2023\/11\/whatsapp-image-22023-11-17-600ppi.jpg","datePublished":"2023-11-01T10:47:33+00:00","dateModified":"2025-05-25T11:00:34+00:00","description":"&quot;How Many More&quot; de Magdalene Blue: Un sencillo conmovedor que aborda el impacto de la violencia armada. Composici\u00f3n original con remixes de EDM y Jazz House de Touch Music.","breadcrumb":{"@id":"https:\/\/www.magdaleneblue.com\/how-many-more\/#breadcrumb"},"inLanguage":"es","potentialAction":[{"@type":"ReadAction","target":["https:\/\/www.magdaleneblue.com\/how-many-more\/"]}]},{"@type":"ImageObject","inLanguage":"es","@id":"https:\/\/www.magdaleneblue.com\/how-many-more\/#primaryimage","url":"https:\/\/www.magdaleneblue.com\/wp-content\/uploads\/2023\/11\/whatsapp-image-22023-11-17-600ppi.jpg","contentUrl":"https:\/\/www.magdaleneblue.com\/wp-content\/uploads\/2023\/11\/whatsapp-image-22023-11-17-600ppi.jpg","width":657,"height":455,"caption":"Magdalene Blue"},{"@type":"BreadcrumbList","@id":"https:\/\/www.magdaleneblue.com\/how-many-more\/#breadcrumb","itemListElement":[{"@type":"ListItem","position":1,"name":"Inicio","item":"https:\/\/www.magdaleneblue.com\/"},{"@type":"ListItem","position":2,"name":"How Many More"}]},{"@type":"WebSite","@id":"https:\/\/www.magdaleneblue.com\/#website","url":"https:\/\/www.magdaleneblue.com\/","name":"Magdalene Blue","description":"Un cantante y compositor de formaci\u00f3n cl\u00e1sica.","publisher":{"@id":"https:\/\/www.magdaleneblue.com\/#organization"},"potentialAction":[{"@type":"SearchAction","target":{"@type":"EntryPoint","urlTemplate":"https:\/\/www.magdaleneblue.com\/?s={search_term_string}"},"query-input":{"@type":"PropertyValueSpecification","valueRequired":true,"valueName":"search_term_string"}}],"inLanguage":"es"},{"@type":"Organization","@id":"https:\/\/www.magdaleneblue.com\/#organization","name":"Magdalene Blue","url":"https:\/\/www.magdaleneblue.com\/","logo":{"@type":"ImageObject","inLanguage":"es","@id":"https:\/\/www.magdaleneblue.com\/#\/schema\/logo\/image\/","url":"https:\/\/www.magdaleneblue.com\/wp-content\/uploads\/2023\/10\/image.png","contentUrl":"https:\/\/www.magdaleneblue.com\/wp-content\/uploads\/2023\/10\/image.png","width":720,"height":720,"caption":"Magdalene Blue"},"image":{"@id":"https:\/\/www.magdaleneblue.com\/#\/schema\/logo\/image\/"},"sameAs":["https:\/\/x.com\/magdalenebluemu","https:\/\/www.instagram.com\/magdaleneblue\/"]}]}},"_links":{"self":[{"href":"https:\/\/www.magdaleneblue.com\/es\/wp-json\/wp\/v2\/pages\/889","targetHints":{"allow":["GET"]}}],"collection":[{"href":"https:\/\/www.magdaleneblue.com\/es\/wp-json\/wp\/v2\/pages"}],"about":[{"href":"https:\/\/www.magdaleneblue.com\/es\/wp-json\/wp\/v2\/types\/page"}],"author":[{"embeddable":true,"href":"https:\/\/www.magdaleneblue.com\/es\/wp-json\/wp\/v2\/users\/1"}],"replies":[{"embeddable":true,"href":"https:\/\/www.magdaleneblue.com\/es\/wp-json\/wp\/v2\/comments?post=889"}],"version-history":[{"count":33,"href":"https:\/\/www.magdaleneblue.com\/es\/wp-json\/wp\/v2\/pages\/889\/revisions"}],"predecessor-version":[{"id":2283,"href":"https:\/\/www.magdaleneblue.com\/es\/wp-json\/wp\/v2\/pages\/889\/revisions\/2283"}],"wp:featuredmedia":[{"embeddable":true,"href":"https:\/\/www.magdaleneblue.com\/es\/wp-json\/wp\/v2\/media\/1278"}],"wp:attachment":[{"href":"https:\/\/www.magdaleneblue.com\/es\/wp-json\/wp\/v2\/media?parent=889"}],"curies":[{"name":"gracias","href":"https:\/\/api.w.org\/{rel}","templated":true}]}}