{"id":891,"date":"2023-11-01T11:47:47","date_gmt":"2023-11-01T10:47:47","guid":{"rendered":"https:\/\/www.magdaleneblue.com\/?page_id=891"},"modified":"2025-05-25T13:47:29","modified_gmt":"2025-05-25T11:47:29","slug":"el-camino-menos-transitado","status":"publish","type":"page","link":"https:\/\/www.magdaleneblue.com\/es\/the-path-less-travelled\/","title":{"rendered":"El camino menos transitado"},"content":{"rendered":"<div data-elementor-type=\"wp-page\" data-elementor-id=\"891\" class=\"elementor elementor-891\" data-elementor-post-type=\"page\">\n\t\t\t\t\t\t<section class=\"elementor-section elementor-top-section elementor-element elementor-element-3bea7694 elementor-section-boxed elementor-section-height-default elementor-section-height-default\" data-id=\"3bea7694\" data-element_type=\"section\" data-e-type=\"section\" data-settings=\"{&quot;background_background&quot;:&quot;video&quot;,&quot;background_video_link&quot;:&quot;https:\\\/\\\/www.youtube.com\\\/watch?v=1rAYamXwKUQ&quot;,&quot;background_video_start&quot;:4,&quot;background_video_end&quot;:20,&quot;background_play_on_mobile&quot;:&quot;yes&quot;}\">\n\t\t\t\t\t\t\t\t<div class=\"elementor-background-video-container\">\n\t\t\t\t\t\t\t\t\t\t\t\t\t<div class=\"elementor-background-video-embed\" role=\"presentation\"><\/div>\n\t\t\t\t\t\t\t\t\t\t\t\t<\/div>\n\t\t\t\t\t\t\t\t\t<div class=\"elementor-background-overlay\"><\/div>\n\t\t\t\t\t\t\t<div class=\"elementor-container elementor-column-gap-default\">\n\t\t\t\t\t<div class=\"elementor-column elementor-col-100 elementor-top-column elementor-element elementor-element-280f5e19\" data-id=\"280f5e19\" data-element_type=\"column\" data-e-type=\"column\">\n\t\t\t<div class=\"elementor-widget-wrap elementor-element-populated\">\n\t\t\t\t\t\t<div class=\"elementor-element elementor-element-63ade36e elementor-widget elementor-widget-heading\" data-id=\"63ade36e\" data-element_type=\"widget\" data-e-type=\"widget\" data-widget_type=\"heading.default\">\n\t\t\t\t<div class=\"elementor-widget-container\">\n\t\t\t\t\t<div class=\"elementor-heading-title elementor-size-default\">El camino menos transitado<\/div>\t\t\t\t<\/div>\n\t\t\t\t<\/div>\n\t\t\t\t<div class=\"elementor-element elementor-element-1eac1d1c elementor-widget elementor-widget-text-editor\" data-id=\"1eac1d1c\" data-element_type=\"widget\" data-e-type=\"widget\" data-widget_type=\"text-editor.default\">\n\t\t\t\t<div class=\"elementor-widget-container\">\n\t\t\t\t\t\t\t\t\t<p id=\"u21826-2\">Single<\/p>\t\t\t\t\t\t\t\t<\/div>\n\t\t\t\t<\/div>\n\t\t\t\t\t<\/div>\n\t\t<\/div>\n\t\t\t\t\t<\/div>\n\t\t<\/section>\n\t\t\t\t<section class=\"elementor-section elementor-top-section elementor-element elementor-element-1b509d04 elementor-section-boxed elementor-section-height-default elementor-section-height-default\" data-id=\"1b509d04\" data-element_type=\"section\" data-e-type=\"section\" data-settings=\"{&quot;background_background&quot;:&quot;classic&quot;}\">\n\t\t\t\t\t\t<div class=\"elementor-container elementor-column-gap-default\">\n\t\t\t\t\t<div class=\"elementor-column elementor-col-100 elementor-top-column elementor-element elementor-element-34731542\" data-id=\"34731542\" data-element_type=\"column\" data-e-type=\"column\">\n\t\t\t<div class=\"elementor-widget-wrap elementor-element-populated\">\n\t\t\t\t\t\t<section class=\"elementor-section elementor-inner-section elementor-element elementor-element-37674f7a elementor-section-boxed elementor-section-height-default elementor-section-height-default\" data-id=\"37674f7a\" data-element_type=\"section\" data-e-type=\"section\">\n\t\t\t\t\t\t<div class=\"elementor-container elementor-column-gap-wider\">\n\t\t\t\t\t<div class=\"elementor-column elementor-col-50 elementor-inner-column elementor-element elementor-element-73e1a1bf\" data-id=\"73e1a1bf\" data-element_type=\"column\" data-e-type=\"column\">\n\t\t\t<div class=\"elementor-widget-wrap elementor-element-populated\">\n\t\t\t\t\t\t<div class=\"elementor-element elementor-element-7048168 elementor-widget elementor-widget-html\" data-id=\"7048168\" data-element_type=\"widget\" data-e-type=\"widget\" data-widget_type=\"html.default\">\n\t\t\t\t<div class=\"elementor-widget-container\">\n\t\t\t\t\t<div class=\"BorlabsCookie _brlbs-cb-spotify\"><div class=\"_brlbs-content-blocker\"> <div class=\"_brlbs-default\"> <p>Haga clic en el bot\u00f3n para cargar el contenido de Spotify.<\/p> <p><a class=\"_brlbs-btn\" href=\"#\" data-borlabs-cookie-unblock role=\"button\">Cargar el contenido<\/a><\/p> <\/div> <\/div><div class=\"borlabs-hide\" data-borlabs-cookie-type=\"content-blocker\" data-borlabs-cookie-id=\"spotify\"><script type=\"text\/template\">PGlmcmFtZSBzdHlsZT0iYm9yZGVyLXJhZGl1czoxMnB4IiBzcmM9Imh0dHBzOi8vb3Blbi5zcG90aWZ5LmNvbS9lbWJlZC9hbGJ1bS8xREV1cDVXOUFYMm9kZ1dSRkxYSEdPP3V0bV9zb3VyY2U9Z2VuZXJhdG9yIiB3aWR0aD0iMTAwJSIgaGVpZ2h0PSIzNTIiIGZyYW1lQm9yZGVyPSIwIiBhbGxvd2Z1bGxzY3JlZW49IiIgYWxsb3c9ImF1dG9wbGF5OyBjbGlwYm9hcmQtd3JpdGU7IGVuY3J5cHRlZC1tZWRpYTsgZnVsbHNjcmVlbjsgcGljdHVyZS1pbi1waWN0dXJlIiBsb2FkaW5nPSJsYXp5Ij48L2lmcmFtZT4=<\/script><\/div><\/div>\t\t\t\t<\/div>\n\t\t\t\t<\/div>\n\t\t\t\t\t<\/div>\n\t\t<\/div>\n\t\t\t\t<div class=\"elementor-column elementor-col-50 elementor-inner-column elementor-element elementor-element-189d73e0\" data-id=\"189d73e0\" data-element_type=\"column\" data-e-type=\"column\">\n\t\t\t<div class=\"elementor-widget-wrap elementor-element-populated\">\n\t\t\t\t\t\t<div class=\"elementor-element elementor-element-4cb288f5 elementor-widget elementor-widget-text-editor\" data-id=\"4cb288f5\" data-element_type=\"widget\" data-e-type=\"widget\" data-widget_type=\"text-editor.default\">\n\t\t\t\t<div class=\"elementor-widget-container\">\n\t\t\t\t\t\t\t\t\t<p><strong>El camino menos transitado<\/strong><\/p>\t\t\t\t\t\t\t\t<\/div>\n\t\t\t\t<\/div>\n\t\t\t\t<div class=\"elementor-element elementor-element-e571b68 elementor-widget elementor-widget-text-editor\" data-id=\"e571b68\" data-element_type=\"widget\" data-e-type=\"widget\" data-widget_type=\"text-editor.default\">\n\t\t\t\t<div class=\"elementor-widget-container\">\n\t\t\t\t\t\t\t\t\t<p>Esta canci\u00f3n fue interpretada por primera vez por Memphis Belle, la primera banda de Magdalene, pero no lleg\u00f3 a su primer \u00e1lbum y se disolvieron antes de poder grabarla. As\u00ed que, cuando naci\u00f3 Magdalene Blue, la grab\u00e9 para el \u00e1lbum Ac\u00fastico, pero no qued\u00f3 del todo bien, as\u00ed que tampoco entr\u00f3 en ese \u00e1lbum. Unos a\u00f1os despu\u00e9s\u2026 la vida cambi\u00f3 por completo y la letra ya no me sonaba aut\u00e9ntica\u2026 estaba a punto de irse a un caj\u00f3n para siempre. Hasta que un amigo me anim\u00f3 a reescribir la primera estrofa\u2026 lo cual pens\u00e9 que era imposible\u2026 pero result\u00f3 que no. As\u00ed que esta es la segunda toma de &quot;The Path Less Travelled&quot;, grabada durante la pandemia con mis antiguos compa\u00f1eros de Memphis Belle. \u00a1No se pierdan el videoclip en YouTube!<br><\/p>\t\t\t\t\t\t\t\t<\/div>\n\t\t\t\t<\/div>\n\t\t\t\t<div class=\"elementor-element elementor-element-309d2e47 elementor-widget elementor-widget-button\" data-id=\"309d2e47\" data-element_type=\"widget\" data-e-type=\"widget\" data-widget_type=\"button.default\">\n\t\t\t\t<div class=\"elementor-widget-container\">\n\t\t\t\t\t\t\t\t\t<div class=\"elementor-button-wrapper\">\n\t\t\t\t\t<a class=\"elementor-button elementor-button-link elementor-size-sm\" href=\"https:\/\/ffm.to\/k2xnroy.OWE\">\n\t\t\t\t\t\t<span class=\"elementor-button-content-wrapper\">\n\t\t\t\t\t\t\t\t\t<span class=\"elementor-button-text\">TRANSMITIR \/ ESCUCHAR<\/span>\n\t\t\t\t\t<\/span>\n\t\t\t\t\t<\/a>\n\t\t\t\t<\/div>\n\t\t\t\t\t\t\t\t<\/div>\n\t\t\t\t<\/div>\n\t\t\t\t<div class=\"elementor-element elementor-element-669b2ee elementor-widget-divider--view-line elementor-widget elementor-widget-divider\" data-id=\"669b2ee\" data-element_type=\"widget\" data-e-type=\"widget\" data-widget_type=\"divider.default\">\n\t\t\t\t<div class=\"elementor-widget-container\">\n\t\t\t\t\t\t\t<div class=\"elementor-divider\">\n\t\t\t<span class=\"elementor-divider-separator\">\n\t\t\t\t\t\t<\/span>\n\t\t<\/div>\n\t\t\t\t\t\t<\/div>\n\t\t\t\t<\/div>\n\t\t\t\t\t<\/div>\n\t\t<\/div>\n\t\t\t\t\t<\/div>\n\t\t<\/section>\n\t\t\t\t<div class=\"elementor-element elementor-element-3d00818b elementor-widget elementor-widget-spacer\" data-id=\"3d00818b\" data-element_type=\"widget\" data-e-type=\"widget\" data-widget_type=\"spacer.default\">\n\t\t\t\t<div class=\"elementor-widget-container\">\n\t\t\t\t\t\t\t<div class=\"elementor-spacer\">\n\t\t\t<div class=\"elementor-spacer-inner\"><\/div>\n\t\t<\/div>\n\t\t\t\t\t\t<\/div>\n\t\t\t\t<\/div>\n\t\t\t\t<div class=\"elementor-element elementor-element-f8a988a elementor-widget-divider--view-line elementor-widget elementor-widget-divider\" data-id=\"f8a988a\" data-element_type=\"widget\" data-e-type=\"widget\" data-widget_type=\"divider.default\">\n\t\t\t\t<div class=\"elementor-widget-container\">\n\t\t\t\t\t\t\t<div class=\"elementor-divider\">\n\t\t\t<span class=\"elementor-divider-separator\">\n\t\t\t\t\t\t<\/span>\n\t\t<\/div>\n\t\t\t\t\t\t<\/div>\n\t\t\t\t<\/div>\n\t\t\t\t<section class=\"elementor-section elementor-inner-section elementor-element elementor-element-e77d169 elementor-section-boxed elementor-section-height-default elementor-section-height-default\" data-id=\"e77d169\" data-element_type=\"section\" data-e-type=\"section\">\n\t\t\t\t\t\t<div class=\"elementor-container elementor-column-gap-default\">\n\t\t\t\t\t<div class=\"elementor-column elementor-col-50 elementor-inner-column elementor-element elementor-element-4aad49bb\" data-id=\"4aad49bb\" data-element_type=\"column\" data-e-type=\"column\">\n\t\t\t<div class=\"elementor-widget-wrap elementor-element-populated\">\n\t\t\t\t\t\t<div class=\"elementor-element elementor-element-cbfffca elementor-widget elementor-widget-text-editor\" data-id=\"cbfffca\" data-element_type=\"widget\" data-e-type=\"widget\" data-widget_type=\"text-editor.default\">\n\t\t\t\t<div class=\"elementor-widget-container\">\n\t\t\t\t\t\t\t\t\t<p>Disponible en<\/p>\t\t\t\t\t\t\t\t<\/div>\n\t\t\t\t<\/div>\n\t\t\t\t<div class=\"elementor-element elementor-element-2f92d5bb e-grid-align-left e-grid-align-tablet-left e-grid-align-mobile-center elementor-shape-rounded elementor-grid-0 elementor-widget elementor-widget-social-icons\" data-id=\"2f92d5bb\" data-element_type=\"widget\" data-e-type=\"widget\" data-widget_type=\"social-icons.default\">\n\t\t\t\t<div class=\"elementor-widget-container\">\n\t\t\t\t\t\t\t<div class=\"elementor-social-icons-wrapper elementor-grid\" role=\"list\">\n\t\t\t\t\t\t\t<span class=\"elementor-grid-item\" role=\"listitem\">\n\t\t\t\t\t<a class=\"elementor-icon elementor-social-icon elementor-social-icon-apple elementor-animation-float elementor-repeater-item-9c867cc\" href=\"https:\/\/music.apple.com\/es\/album\/the-path-less-traveled\/1642560910?i=1642560911\" target=\"_blank\">\n\t\t\t\t\t\t<span class=\"elementor-screen-only\">Apple<\/span>\n\t\t\t\t\t\t<i aria-hidden=\"true\" class=\"fab fa-apple\"><\/i>\t\t\t\t\t<\/a>\n\t\t\t\t<\/span>\n\t\t\t\t\t\t\t<span class=\"elementor-grid-item\" role=\"listitem\">\n\t\t\t\t\t<a class=\"elementor-icon elementor-social-icon elementor-social-icon-spotify elementor-animation-float elementor-repeater-item-b690889\" href=\"https:\/\/open.spotify.com\/intl-es\/album\/1DEup5W9AX2odgWRFLXHGO?si=BVguza2wQ8iQo3wCUjigXQ\" target=\"_blank\">\n\t\t\t\t\t\t<span class=\"elementor-screen-only\">Spotify<\/span>\n\t\t\t\t\t\t<i aria-hidden=\"true\" class=\"fab fa-spotify\"><\/i>\t\t\t\t\t<\/a>\n\t\t\t\t<\/span>\n\t\t\t\t\t<\/div>\n\t\t\t\t\t\t<\/div>\n\t\t\t\t<\/div>\n\t\t\t\t\t<\/div>\n\t\t<\/div>\n\t\t\t\t<div class=\"elementor-column elementor-col-50 elementor-inner-column elementor-element elementor-element-4af55f94\" data-id=\"4af55f94\" data-element_type=\"column\" data-e-type=\"column\">\n\t\t\t<div class=\"elementor-widget-wrap elementor-element-populated\">\n\t\t\t\t\t\t<div class=\"elementor-element elementor-element-775148a2 elementor-widget elementor-widget-text-editor\" data-id=\"775148a2\" data-element_type=\"widget\" data-e-type=\"widget\" data-widget_type=\"text-editor.default\">\n\t\t\t\t<div class=\"elementor-widget-container\">\n\t\t\t\t\t\t\t\t\t<p>Seguir compartir<\/p>\t\t\t\t\t\t\t\t<\/div>\n\t\t\t\t<\/div>\n\t\t\t\t<div class=\"elementor-element elementor-element-1e9fd24e e-grid-align-left e-grid-align-tablet-left e-grid-align-mobile-center elementor-shape-rounded elementor-grid-0 elementor-widget elementor-widget-global elementor-global-934 elementor-widget-social-icons\" data-id=\"1e9fd24e\" data-element_type=\"widget\" data-e-type=\"widget\" data-widget_type=\"social-icons.default\">\n\t\t\t\t<div class=\"elementor-widget-container\">\n\t\t\t\t\t\t\t<div class=\"elementor-social-icons-wrapper elementor-grid\" role=\"list\">\n\t\t\t\t\t\t\t<span class=\"elementor-grid-item\" role=\"listitem\">\n\t\t\t\t\t<a class=\"elementor-icon elementor-social-icon elementor-social-icon-instagram elementor-animation-float elementor-repeater-item-f74f9b1\" href=\"https:\/\/www.instagram.com\/magdaleneblue\/\" target=\"_blank\">\n\t\t\t\t\t\t<span class=\"elementor-screen-only\">Instagram<\/span>\n\t\t\t\t\t\t<i aria-hidden=\"true\" class=\"fab fa-instagram\"><\/i>\t\t\t\t\t<\/a>\n\t\t\t\t<\/span>\n\t\t\t\t\t\t\t<span class=\"elementor-grid-item\" role=\"listitem\">\n\t\t\t\t\t<a class=\"elementor-icon elementor-social-icon elementor-social-icon-youtube elementor-animation-float elementor-repeater-item-e940fe5\" href=\"https:\/\/www.youtube.com\/channel\/UCyCKl2W29hQr2KO3WskcIaQ\" target=\"_blank\">\n\t\t\t\t\t\t<span class=\"elementor-screen-only\">YouTube<\/span>\n\t\t\t\t\t\t<i aria-hidden=\"true\" class=\"fab fa-youtube\"><\/i>\t\t\t\t\t<\/a>\n\t\t\t\t<\/span>\n\t\t\t\t\t\t\t<span class=\"elementor-grid-item\" role=\"listitem\">\n\t\t\t\t\t<a class=\"elementor-icon elementor-social-icon elementor-social-icon-spotify elementor-animation-float elementor-repeater-item-7f253d5\" href=\"https:\/\/open.spotify.com\/artist\/6JztX6BHu55DACnyO6EMQ2\" target=\"_blank\">\n\t\t\t\t\t\t<span class=\"elementor-screen-only\">Spotify<\/span>\n\t\t\t\t\t\t<i aria-hidden=\"true\" class=\"fab fa-spotify\"><\/i>\t\t\t\t\t<\/a>\n\t\t\t\t<\/span>\n\t\t\t\t\t\t\t<span class=\"elementor-grid-item\" role=\"listitem\">\n\t\t\t\t\t<a class=\"elementor-icon elementor-social-icon elementor-social-icon-soundcloud elementor-animation-float elementor-repeater-item-a092264\" href=\"https:\/\/soundcloud.com\/magdaleneblue\" target=\"_blank\">\n\t\t\t\t\t\t<span class=\"elementor-screen-only\">nube de sonido<\/span>\n\t\t\t\t\t\t<i aria-hidden=\"true\" class=\"fab fa-soundcloud\"><\/i>\t\t\t\t\t<\/a>\n\t\t\t\t<\/span>\n\t\t\t\t\t<\/div>\n\t\t\t\t\t\t<\/div>\n\t\t\t\t<\/div>\n\t\t\t\t\t<\/div>\n\t\t<\/div>\n\t\t\t\t\t<\/div>\n\t\t<\/section>\n\t\t\t\t\t<\/div>\n\t\t<\/div>\n\t\t\t\t\t<\/div>\n\t\t<\/section>\n\t\t\t\t<\/div>","protected":false},"excerpt":{"rendered":"<p>Single Haga clic en el bot\u00f3n para cargar el contenido de Spotify. Cargar el contenido The Path Less Travelled This song was first performed by Memphis Belle, Magdalene&#8217;s first band, but it didn&#8217;t make their first album and they disbanded before getting to record it. So when Magdalene Blue was born I recorded it for [&hellip;]<\/p>\n","protected":false},"author":1,"featured_media":1278,"parent":0,"menu_order":7,"comment_status":"closed","ping_status":"closed","template":"","meta":{"footnotes":""},"class_list":["post-891","page","type-page","status-publish","has-post-thumbnail","hentry"],"yoast_head":"<!-- This site is optimized with the Yoast SEO plugin v27.4 - https:\/\/yoast.com\/product\/yoast-seo-wordpress\/ -->\n<title>The Path Less Travelled - Magdalene Blue<\/title>\n<meta name=\"description\" content=\"&quot;The Path Less Travelled&quot; is my take on Robert Frost&#039;s &quot;The Road Not Taken.&quot;\" \/>\n<meta name=\"robots\" content=\"index, follow, max-snippet:-1, max-image-preview:large, max-video-preview:-1\" \/>\n<link rel=\"canonical\" href=\"https:\/\/www.magdaleneblue.com\/es\/el-camino-menos-transitado\/\" \/>\n<meta property=\"og:locale\" content=\"es_ES\" \/>\n<meta property=\"og:type\" content=\"article\" \/>\n<meta property=\"og:title\" content=\"The Path Less Travelled - Magdalene Blue\" \/>\n<meta property=\"og:description\" content=\"&quot;The Path Less Travelled&quot; is my take on Robert Frost&#039;s &quot;The Road Not Taken.&quot;\" \/>\n<meta property=\"og:url\" content=\"https:\/\/www.magdaleneblue.com\/es\/el-camino-menos-transitado\/\" \/>\n<meta property=\"og:site_name\" content=\"Magdalene Blue\" \/>\n<meta property=\"article:modified_time\" content=\"2025-05-25T11:47:29+00:00\" \/>\n<meta property=\"og:image\" content=\"https:\/\/www.magdaleneblue.com\/wp-content\/uploads\/2023\/11\/whatsapp-image-22023-11-17-600ppi.jpg\" \/>\n\t<meta property=\"og:image:width\" content=\"657\" \/>\n\t<meta property=\"og:image:height\" content=\"455\" \/>\n\t<meta property=\"og:image:type\" content=\"image\/jpeg\" \/>\n<meta name=\"twitter:card\" content=\"summary_large_image\" \/>\n<meta name=\"twitter:site\" content=\"@magdalenebluemu\" \/>\n<script type=\"application\/ld+json\" class=\"yoast-schema-graph\">{\"@context\":\"https:\\\/\\\/schema.org\",\"@graph\":[{\"@type\":\"WebPage\",\"@id\":\"https:\\\/\\\/www.magdaleneblue.com\\\/the-path-less-travelled\\\/\",\"url\":\"https:\\\/\\\/www.magdaleneblue.com\\\/the-path-less-travelled\\\/\",\"name\":\"The Path Less Travelled - Magdalene Blue\",\"isPartOf\":{\"@id\":\"https:\\\/\\\/www.magdaleneblue.com\\\/#website\"},\"primaryImageOfPage\":{\"@id\":\"https:\\\/\\\/www.magdaleneblue.com\\\/the-path-less-travelled\\\/#primaryimage\"},\"image\":{\"@id\":\"https:\\\/\\\/www.magdaleneblue.com\\\/the-path-less-travelled\\\/#primaryimage\"},\"thumbnailUrl\":\"https:\\\/\\\/www.magdaleneblue.com\\\/wp-content\\\/uploads\\\/2023\\\/11\\\/whatsapp-image-22023-11-17-600ppi.jpg\",\"datePublished\":\"2023-11-01T10:47:47+00:00\",\"dateModified\":\"2025-05-25T11:47:29+00:00\",\"description\":\"\\\"The Path Less Travelled\\\" is my take on Robert Frost's \\\"The Road Not Taken.\\\"\",\"breadcrumb\":{\"@id\":\"https:\\\/\\\/www.magdaleneblue.com\\\/the-path-less-travelled\\\/#breadcrumb\"},\"inLanguage\":\"es\",\"potentialAction\":[{\"@type\":\"ReadAction\",\"target\":[\"https:\\\/\\\/www.magdaleneblue.com\\\/the-path-less-travelled\\\/\"]}]},{\"@type\":\"ImageObject\",\"inLanguage\":\"es\",\"@id\":\"https:\\\/\\\/www.magdaleneblue.com\\\/the-path-less-travelled\\\/#primaryimage\",\"url\":\"https:\\\/\\\/www.magdaleneblue.com\\\/wp-content\\\/uploads\\\/2023\\\/11\\\/whatsapp-image-22023-11-17-600ppi.jpg\",\"contentUrl\":\"https:\\\/\\\/www.magdaleneblue.com\\\/wp-content\\\/uploads\\\/2023\\\/11\\\/whatsapp-image-22023-11-17-600ppi.jpg\",\"width\":657,\"height\":455,\"caption\":\"Magdalene Blue\"},{\"@type\":\"BreadcrumbList\",\"@id\":\"https:\\\/\\\/www.magdaleneblue.com\\\/the-path-less-travelled\\\/#breadcrumb\",\"itemListElement\":[{\"@type\":\"ListItem\",\"position\":1,\"name\":\"Inicio\",\"item\":\"https:\\\/\\\/www.magdaleneblue.com\\\/\"},{\"@type\":\"ListItem\",\"position\":2,\"name\":\"The Path Less Travelled\"}]},{\"@type\":\"WebSite\",\"@id\":\"https:\\\/\\\/www.magdaleneblue.com\\\/#website\",\"url\":\"https:\\\/\\\/www.magdaleneblue.com\\\/\",\"name\":\"Magdalene Blue\",\"description\":\"A classically-trained singer and songwriter\",\"publisher\":{\"@id\":\"https:\\\/\\\/www.magdaleneblue.com\\\/#organization\"},\"potentialAction\":[{\"@type\":\"SearchAction\",\"target\":{\"@type\":\"EntryPoint\",\"urlTemplate\":\"https:\\\/\\\/www.magdaleneblue.com\\\/?s={search_term_string}\"},\"query-input\":{\"@type\":\"PropertyValueSpecification\",\"valueRequired\":true,\"valueName\":\"search_term_string\"}}],\"inLanguage\":\"es\"},{\"@type\":\"Organization\",\"@id\":\"https:\\\/\\\/www.magdaleneblue.com\\\/#organization\",\"name\":\"Magdalene Blue\",\"url\":\"https:\\\/\\\/www.magdaleneblue.com\\\/\",\"logo\":{\"@type\":\"ImageObject\",\"inLanguage\":\"es\",\"@id\":\"https:\\\/\\\/www.magdaleneblue.com\\\/#\\\/schema\\\/logo\\\/image\\\/\",\"url\":\"https:\\\/\\\/www.magdaleneblue.com\\\/wp-content\\\/uploads\\\/2023\\\/10\\\/image.png\",\"contentUrl\":\"https:\\\/\\\/www.magdaleneblue.com\\\/wp-content\\\/uploads\\\/2023\\\/10\\\/image.png\",\"width\":720,\"height\":720,\"caption\":\"Magdalene Blue\"},\"image\":{\"@id\":\"https:\\\/\\\/www.magdaleneblue.com\\\/#\\\/schema\\\/logo\\\/image\\\/\"},\"sameAs\":[\"https:\\\/\\\/x.com\\\/magdalenebluemu\",\"https:\\\/\\\/www.instagram.com\\\/magdaleneblue\\\/\"]}]}<\/script>\n<!-- \/ Yoast SEO plugin. -->","yoast_head_json":{"title":"El camino menos transitado - Magdalene Blue","description":"&quot;El camino menos transitado&quot; es mi versi\u00f3n de &quot;El camino no tomado&quot; de Robert Frost.","robots":{"index":"index","follow":"follow","max-snippet":"max-snippet:-1","max-image-preview":"max-image-preview:large","max-video-preview":"max-video-preview:-1"},"canonical":"https:\/\/www.magdaleneblue.com\/es\/el-camino-menos-transitado\/","og_locale":"es_ES","og_type":"article","og_title":"The Path Less Travelled - Magdalene Blue","og_description":"\"The Path Less Travelled\" is my take on Robert Frost's \"The Road Not Taken.\"","og_url":"https:\/\/www.magdaleneblue.com\/es\/el-camino-menos-transitado\/","og_site_name":"Magdalene Blue","article_modified_time":"2025-05-25T11:47:29+00:00","og_image":[{"width":657,"height":455,"url":"https:\/\/www.magdaleneblue.com\/wp-content\/uploads\/2023\/11\/whatsapp-image-22023-11-17-600ppi.jpg","type":"image\/jpeg"}],"twitter_card":"summary_large_image","twitter_site":"@magdalenebluemu","schema":{"@context":"https:\/\/schema.org","@graph":[{"@type":"WebPage","@id":"https:\/\/www.magdaleneblue.com\/the-path-less-travelled\/","url":"https:\/\/www.magdaleneblue.com\/the-path-less-travelled\/","name":"El camino menos transitado - Magdalene Blue","isPartOf":{"@id":"https:\/\/www.magdaleneblue.com\/#website"},"primaryImageOfPage":{"@id":"https:\/\/www.magdaleneblue.com\/the-path-less-travelled\/#primaryimage"},"image":{"@id":"https:\/\/www.magdaleneblue.com\/the-path-less-travelled\/#primaryimage"},"thumbnailUrl":"https:\/\/www.magdaleneblue.com\/wp-content\/uploads\/2023\/11\/whatsapp-image-22023-11-17-600ppi.jpg","datePublished":"2023-11-01T10:47:47+00:00","dateModified":"2025-05-25T11:47:29+00:00","description":"&quot;El camino menos transitado&quot; es mi versi\u00f3n de &quot;El camino no tomado&quot; de Robert Frost.","breadcrumb":{"@id":"https:\/\/www.magdaleneblue.com\/the-path-less-travelled\/#breadcrumb"},"inLanguage":"es","potentialAction":[{"@type":"ReadAction","target":["https:\/\/www.magdaleneblue.com\/the-path-less-travelled\/"]}]},{"@type":"ImageObject","inLanguage":"es","@id":"https:\/\/www.magdaleneblue.com\/the-path-less-travelled\/#primaryimage","url":"https:\/\/www.magdaleneblue.com\/wp-content\/uploads\/2023\/11\/whatsapp-image-22023-11-17-600ppi.jpg","contentUrl":"https:\/\/www.magdaleneblue.com\/wp-content\/uploads\/2023\/11\/whatsapp-image-22023-11-17-600ppi.jpg","width":657,"height":455,"caption":"Magdalene Blue"},{"@type":"BreadcrumbList","@id":"https:\/\/www.magdaleneblue.com\/the-path-less-travelled\/#breadcrumb","itemListElement":[{"@type":"ListItem","position":1,"name":"Inicio","item":"https:\/\/www.magdaleneblue.com\/"},{"@type":"ListItem","position":2,"name":"The Path Less Travelled"}]},{"@type":"WebSite","@id":"https:\/\/www.magdaleneblue.com\/#website","url":"https:\/\/www.magdaleneblue.com\/","name":"Magdalene Blue","description":"Un cantante y compositor de formaci\u00f3n cl\u00e1sica.","publisher":{"@id":"https:\/\/www.magdaleneblue.com\/#organization"},"potentialAction":[{"@type":"SearchAction","target":{"@type":"EntryPoint","urlTemplate":"https:\/\/www.magdaleneblue.com\/?s={search_term_string}"},"query-input":{"@type":"PropertyValueSpecification","valueRequired":true,"valueName":"search_term_string"}}],"inLanguage":"es"},{"@type":"Organization","@id":"https:\/\/www.magdaleneblue.com\/#organization","name":"Magdalene Blue","url":"https:\/\/www.magdaleneblue.com\/","logo":{"@type":"ImageObject","inLanguage":"es","@id":"https:\/\/www.magdaleneblue.com\/#\/schema\/logo\/image\/","url":"https:\/\/www.magdaleneblue.com\/wp-content\/uploads\/2023\/10\/image.png","contentUrl":"https:\/\/www.magdaleneblue.com\/wp-content\/uploads\/2023\/10\/image.png","width":720,"height":720,"caption":"Magdalene Blue"},"image":{"@id":"https:\/\/www.magdaleneblue.com\/#\/schema\/logo\/image\/"},"sameAs":["https:\/\/x.com\/magdalenebluemu","https:\/\/www.instagram.com\/magdaleneblue\/"]}]}},"_links":{"self":[{"href":"https:\/\/www.magdaleneblue.com\/es\/wp-json\/wp\/v2\/pages\/891","targetHints":{"allow":["GET"]}}],"collection":[{"href":"https:\/\/www.magdaleneblue.com\/es\/wp-json\/wp\/v2\/pages"}],"about":[{"href":"https:\/\/www.magdaleneblue.com\/es\/wp-json\/wp\/v2\/types\/page"}],"author":[{"embeddable":true,"href":"https:\/\/www.magdaleneblue.com\/es\/wp-json\/wp\/v2\/users\/1"}],"replies":[{"embeddable":true,"href":"https:\/\/www.magdaleneblue.com\/es\/wp-json\/wp\/v2\/comments?post=891"}],"version-history":[{"count":24,"href":"https:\/\/www.magdaleneblue.com\/es\/wp-json\/wp\/v2\/pages\/891\/revisions"}],"predecessor-version":[{"id":2293,"href":"https:\/\/www.magdaleneblue.com\/es\/wp-json\/wp\/v2\/pages\/891\/revisions\/2293"}],"wp:featuredmedia":[{"embeddable":true,"href":"https:\/\/www.magdaleneblue.com\/es\/wp-json\/wp\/v2\/media\/1278"}],"wp:attachment":[{"href":"https:\/\/www.magdaleneblue.com\/es\/wp-json\/wp\/v2\/media?parent=891"}],"curies":[{"name":"gracias","href":"https:\/\/api.w.org\/{rel}","templated":true}]}}