{"id":893,"date":"2023-11-01T11:48:00","date_gmt":"2023-11-01T10:48:00","guid":{"rendered":"https:\/\/www.magdaleneblue.com\/?page_id=893"},"modified":"2025-05-25T15:04:19","modified_gmt":"2025-05-25T13:04:19","slug":"acustico","status":"publish","type":"page","link":"https:\/\/www.magdaleneblue.com\/es\/acoustic\/","title":{"rendered":"Acoustic"},"content":{"rendered":"<div data-elementor-type=\"wp-page\" data-elementor-id=\"893\" class=\"elementor elementor-893\" data-elementor-post-type=\"page\">\n\t\t\t\t\t\t<section class=\"elementor-section elementor-top-section elementor-element elementor-element-7c6e8cf8 elementor-section-boxed elementor-section-height-default elementor-section-height-default\" data-id=\"7c6e8cf8\" data-element_type=\"section\" data-e-type=\"section\" data-settings=\"{&quot;background_background&quot;:&quot;video&quot;,&quot;background_video_link&quot;:&quot;https:\\\/\\\/www.youtube.com\\\/watch?v=WfuQJBuez3k&quot;,&quot;background_video_start&quot;:5,&quot;background_video_end&quot;:20,&quot;background_play_on_mobile&quot;:&quot;yes&quot;}\">\n\t\t\t\t\t\t\t\t<div class=\"elementor-background-video-container\">\n\t\t\t\t\t\t\t\t\t\t\t\t\t<div class=\"elementor-background-video-embed\" role=\"presentation\"><\/div>\n\t\t\t\t\t\t\t\t\t\t\t\t<\/div>\n\t\t\t\t\t\t\t\t\t<div class=\"elementor-background-overlay\"><\/div>\n\t\t\t\t\t\t\t<div class=\"elementor-container elementor-column-gap-default\">\n\t\t\t\t\t<div class=\"elementor-column elementor-col-100 elementor-top-column elementor-element elementor-element-1a30dab\" data-id=\"1a30dab\" data-element_type=\"column\" data-e-type=\"column\">\n\t\t\t<div class=\"elementor-widget-wrap elementor-element-populated\">\n\t\t\t\t\t\t<div class=\"elementor-element elementor-element-916b307 elementor-widget elementor-widget-heading\" data-id=\"916b307\" data-element_type=\"widget\" data-e-type=\"widget\" data-widget_type=\"heading.default\">\n\t\t\t\t<div class=\"elementor-widget-container\">\n\t\t\t\t\t<div class=\"elementor-heading-title elementor-size-default\">Acoustic<\/div>\t\t\t\t<\/div>\n\t\t\t\t<\/div>\n\t\t\t\t\t<\/div>\n\t\t<\/div>\n\t\t\t\t\t<\/div>\n\t\t<\/section>\n\t\t\t\t<section class=\"elementor-section elementor-top-section elementor-element elementor-element-63318319 elementor-section-boxed elementor-section-height-default elementor-section-height-default\" data-id=\"63318319\" data-element_type=\"section\" data-e-type=\"section\" data-settings=\"{&quot;background_background&quot;:&quot;classic&quot;}\">\n\t\t\t\t\t\t<div class=\"elementor-container elementor-column-gap-default\">\n\t\t\t\t\t<div class=\"elementor-column elementor-col-100 elementor-top-column elementor-element elementor-element-7ad3e74c\" data-id=\"7ad3e74c\" data-element_type=\"column\" data-e-type=\"column\">\n\t\t\t<div class=\"elementor-widget-wrap elementor-element-populated\">\n\t\t\t\t\t\t<section class=\"elementor-section elementor-inner-section elementor-element elementor-element-31b123ef elementor-section-boxed elementor-section-height-default elementor-section-height-default\" data-id=\"31b123ef\" data-element_type=\"section\" data-e-type=\"section\">\n\t\t\t\t\t\t<div class=\"elementor-container elementor-column-gap-wider\">\n\t\t\t\t\t<div class=\"elementor-column elementor-col-50 elementor-inner-column elementor-element elementor-element-570229da\" data-id=\"570229da\" data-element_type=\"column\" data-e-type=\"column\">\n\t\t\t<div class=\"elementor-widget-wrap elementor-element-populated\">\n\t\t\t\t\t\t<div class=\"elementor-element elementor-element-750b3526 elementor-widget elementor-widget-html\" data-id=\"750b3526\" data-element_type=\"widget\" data-e-type=\"widget\" data-widget_type=\"html.default\">\n\t\t\t\t<div class=\"elementor-widget-container\">\n\t\t\t\t\t<div class=\"BorlabsCookie _brlbs-cb-spotify\"><div class=\"_brlbs-content-blocker\"> <div class=\"_brlbs-default\"> <p>Haga clic en el bot\u00f3n para cargar el contenido de Spotify.<\/p> <p><a class=\"_brlbs-btn\" href=\"#\" data-borlabs-cookie-unblock role=\"button\">Cargar el contenido<\/a><\/p> <\/div> <\/div><div class=\"borlabs-hide\" data-borlabs-cookie-type=\"content-blocker\" data-borlabs-cookie-id=\"spotify\"><script type=\"text\/template\">PGlmcmFtZSBzdHlsZT0iYm9yZGVyLXJhZGl1czoxMnB4IiBzcmM9Imh0dHBzOi8vb3Blbi5zcG90aWZ5LmNvbS9lbWJlZC9hbGJ1bS81VTR5UEFCazRydUUybVUwV3lLSkZtP3V0bV9zb3VyY2U9Z2VuZXJhdG9yIiB3aWR0aD0iMTAwJSIgaGVpZ2h0PSIzODAiIGZyYW1lQm9yZGVyPSIwIiBhbGxvd2Z1bGxzY3JlZW49IiIgYWxsb3c9ImF1dG9wbGF5OyBjbGlwYm9hcmQtd3JpdGU7IGVuY3J5cHRlZC1tZWRpYTsgZnVsbHNjcmVlbjsgcGljdHVyZS1pbi1waWN0dXJlIj48L2lmcmFtZT4=<\/script><\/div><\/div>\t\t\t\t<\/div>\n\t\t\t\t<\/div>\n\t\t\t\t\t<\/div>\n\t\t<\/div>\n\t\t\t\t<div class=\"elementor-column elementor-col-50 elementor-inner-column elementor-element elementor-element-586d7118\" data-id=\"586d7118\" data-element_type=\"column\" data-e-type=\"column\">\n\t\t\t<div class=\"elementor-widget-wrap elementor-element-populated\">\n\t\t\t\t\t\t<div class=\"elementor-element elementor-element-27fe42d2 elementor-widget elementor-widget-text-editor\" data-id=\"27fe42d2\" data-element_type=\"widget\" data-e-type=\"widget\" data-widget_type=\"text-editor.default\">\n\t\t\t\t<div class=\"elementor-widget-container\">\n\t\t\t\t\t\t\t\t\t<p><strong>Magdalene Blue Acoustic<\/strong><\/p>\t\t\t\t\t\t\t\t<\/div>\n\t\t\t\t<\/div>\n\t\t\t\t<div class=\"elementor-element elementor-element-1071070d elementor-widget elementor-widget-text-editor\" data-id=\"1071070d\" data-element_type=\"widget\" data-e-type=\"widget\" data-widget_type=\"text-editor.default\">\n\t\t\t\t<div class=\"elementor-widget-container\">\n\t\t\t\t\t\t\t\t\t<p>Me hab\u00edan invitado a Nashville para presentar una presentaci\u00f3n en una conferencia musical y no iba a ir con las manos vac\u00edas, as\u00ed que grab\u00e9 esta maqueta para tenerla como tarjeta de presentaci\u00f3n, como en los viejos tiempos, \u00bfno? Sonaba crudo, en vivo. As\u00ed que le ped\u00ed al ingeniero que arreglara solo lo peor y dejara el resto. Cierto, como cuando toco en vivo. Sali\u00f3 tan bien que se convirti\u00f3 en el \u00e1lbum debut de Magdalene Blue.<\/p>\t\t\t\t\t\t\t\t<\/div>\n\t\t\t\t<\/div>\n\t\t\t\t<div class=\"elementor-element elementor-element-5d8162f2 elementor-widget elementor-widget-button\" data-id=\"5d8162f2\" data-element_type=\"widget\" data-e-type=\"widget\" data-widget_type=\"button.default\">\n\t\t\t\t<div class=\"elementor-widget-container\">\n\t\t\t\t\t\t\t\t\t<div class=\"elementor-button-wrapper\">\n\t\t\t\t\t<a class=\"elementor-button elementor-button-link elementor-size-sm\" href=\"https:\/\/open.spotify.com\/intl-es\/album\/5U4yPABk4ruE2mU0WyKJFm?si=sWmH3gRuSlqRwTNL8yACYw\">\n\t\t\t\t\t\t<span class=\"elementor-button-content-wrapper\">\n\t\t\t\t\t\t\t\t\t<span class=\"elementor-button-text\">TRANSMITIR \/ ESCUCHAR<\/span>\n\t\t\t\t\t<\/span>\n\t\t\t\t\t<\/a>\n\t\t\t\t<\/div>\n\t\t\t\t\t\t\t\t<\/div>\n\t\t\t\t<\/div>\n\t\t\t\t<div class=\"elementor-element elementor-element-50b56714 elementor-widget-divider--view-line elementor-widget elementor-widget-divider\" data-id=\"50b56714\" data-element_type=\"widget\" data-e-type=\"widget\" data-widget_type=\"divider.default\">\n\t\t\t\t<div class=\"elementor-widget-container\">\n\t\t\t\t\t\t\t<div class=\"elementor-divider\">\n\t\t\t<span class=\"elementor-divider-separator\">\n\t\t\t\t\t\t<\/span>\n\t\t<\/div>\n\t\t\t\t\t\t<\/div>\n\t\t\t\t<\/div>\n\t\t\t\t\t<\/div>\n\t\t<\/div>\n\t\t\t\t\t<\/div>\n\t\t<\/section>\n\t\t\t\t<div class=\"elementor-element elementor-element-2cd66501 elementor-widget elementor-widget-spacer\" data-id=\"2cd66501\" data-element_type=\"widget\" data-e-type=\"widget\" data-widget_type=\"spacer.default\">\n\t\t\t\t<div class=\"elementor-widget-container\">\n\t\t\t\t\t\t\t<div class=\"elementor-spacer\">\n\t\t\t<div class=\"elementor-spacer-inner\"><\/div>\n\t\t<\/div>\n\t\t\t\t\t\t<\/div>\n\t\t\t\t<\/div>\n\t\t\t\t<div class=\"elementor-element elementor-element-5356e94c elementor-widget-divider--view-line elementor-widget elementor-widget-divider\" data-id=\"5356e94c\" data-element_type=\"widget\" data-e-type=\"widget\" data-widget_type=\"divider.default\">\n\t\t\t\t<div class=\"elementor-widget-container\">\n\t\t\t\t\t\t\t<div class=\"elementor-divider\">\n\t\t\t<span class=\"elementor-divider-separator\">\n\t\t\t\t\t\t<\/span>\n\t\t<\/div>\n\t\t\t\t\t\t<\/div>\n\t\t\t\t<\/div>\n\t\t\t\t<section class=\"elementor-section elementor-inner-section elementor-element elementor-element-1d38ba95 elementor-section-boxed elementor-section-height-default elementor-section-height-default\" data-id=\"1d38ba95\" data-element_type=\"section\" data-e-type=\"section\">\n\t\t\t\t\t\t<div class=\"elementor-container elementor-column-gap-default\">\n\t\t\t\t\t<div class=\"elementor-column elementor-col-50 elementor-inner-column elementor-element elementor-element-15f205bc\" data-id=\"15f205bc\" data-element_type=\"column\" data-e-type=\"column\">\n\t\t\t<div class=\"elementor-widget-wrap elementor-element-populated\">\n\t\t\t\t\t\t<div class=\"elementor-element elementor-element-18f26e8c elementor-widget elementor-widget-text-editor\" data-id=\"18f26e8c\" data-element_type=\"widget\" data-e-type=\"widget\" data-widget_type=\"text-editor.default\">\n\t\t\t\t<div class=\"elementor-widget-container\">\n\t\t\t\t\t\t\t\t\t<p>Disponible en<\/p>\t\t\t\t\t\t\t\t<\/div>\n\t\t\t\t<\/div>\n\t\t\t\t<div class=\"elementor-element elementor-element-4920a3e6 e-grid-align-left e-grid-align-tablet-left e-grid-align-mobile-center elementor-shape-rounded elementor-grid-0 elementor-widget elementor-widget-social-icons\" data-id=\"4920a3e6\" data-element_type=\"widget\" data-e-type=\"widget\" data-widget_type=\"social-icons.default\">\n\t\t\t\t<div class=\"elementor-widget-container\">\n\t\t\t\t\t\t\t<div class=\"elementor-social-icons-wrapper elementor-grid\" role=\"list\">\n\t\t\t\t\t\t\t<span class=\"elementor-grid-item\" role=\"listitem\">\n\t\t\t\t\t<a class=\"elementor-icon elementor-social-icon elementor-social-icon-apple elementor-animation-float elementor-repeater-item-9c867cc\" href=\"https:\/\/music.apple.com\/es\/album\/magdalene-blue-acoustic\/1295104709\" target=\"_blank\">\n\t\t\t\t\t\t<span class=\"elementor-screen-only\">Apple<\/span>\n\t\t\t\t\t\t<i aria-hidden=\"true\" class=\"fab fa-apple\"><\/i>\t\t\t\t\t<\/a>\n\t\t\t\t<\/span>\n\t\t\t\t\t\t\t<span class=\"elementor-grid-item\" role=\"listitem\">\n\t\t\t\t\t<a class=\"elementor-icon elementor-social-icon elementor-social-icon-spotify elementor-animation-float elementor-repeater-item-b690889\" href=\"https:\/\/open.spotify.com\/intl-es\/album\/5U4yPABk4ruE2mU0WyKJFm?si=gaDbrVMYSweZKmWonaxZzA\" target=\"_blank\">\n\t\t\t\t\t\t<span class=\"elementor-screen-only\">Spotify<\/span>\n\t\t\t\t\t\t<i aria-hidden=\"true\" class=\"fab fa-spotify\"><\/i>\t\t\t\t\t<\/a>\n\t\t\t\t<\/span>\n\t\t\t\t\t<\/div>\n\t\t\t\t\t\t<\/div>\n\t\t\t\t<\/div>\n\t\t\t\t\t<\/div>\n\t\t<\/div>\n\t\t\t\t<div class=\"elementor-column elementor-col-50 elementor-inner-column elementor-element elementor-element-459add7f\" data-id=\"459add7f\" data-element_type=\"column\" data-e-type=\"column\">\n\t\t\t<div class=\"elementor-widget-wrap elementor-element-populated\">\n\t\t\t\t\t\t<div class=\"elementor-element elementor-element-42219d34 elementor-widget elementor-widget-text-editor\" data-id=\"42219d34\" data-element_type=\"widget\" data-e-type=\"widget\" data-widget_type=\"text-editor.default\">\n\t\t\t\t<div class=\"elementor-widget-container\">\n\t\t\t\t\t\t\t\t\t<p>Seguir compartir<\/p>\t\t\t\t\t\t\t\t<\/div>\n\t\t\t\t<\/div>\n\t\t\t\t<div class=\"elementor-element elementor-element-7393cef e-grid-align-left e-grid-align-tablet-left e-grid-align-mobile-center elementor-shape-rounded elementor-grid-0 elementor-widget elementor-widget-global elementor-global-934 elementor-widget-social-icons\" data-id=\"7393cef\" data-element_type=\"widget\" data-e-type=\"widget\" data-widget_type=\"social-icons.default\">\n\t\t\t\t<div class=\"elementor-widget-container\">\n\t\t\t\t\t\t\t<div class=\"elementor-social-icons-wrapper elementor-grid\" role=\"list\">\n\t\t\t\t\t\t\t<span class=\"elementor-grid-item\" role=\"listitem\">\n\t\t\t\t\t<a class=\"elementor-icon elementor-social-icon elementor-social-icon-instagram elementor-animation-float elementor-repeater-item-f74f9b1\" href=\"https:\/\/www.instagram.com\/magdaleneblue\/\" target=\"_blank\">\n\t\t\t\t\t\t<span class=\"elementor-screen-only\">Instagram<\/span>\n\t\t\t\t\t\t<i aria-hidden=\"true\" class=\"fab fa-instagram\"><\/i>\t\t\t\t\t<\/a>\n\t\t\t\t<\/span>\n\t\t\t\t\t\t\t<span class=\"elementor-grid-item\" role=\"listitem\">\n\t\t\t\t\t<a class=\"elementor-icon elementor-social-icon elementor-social-icon-youtube elementor-animation-float elementor-repeater-item-e940fe5\" href=\"https:\/\/www.youtube.com\/channel\/UCyCKl2W29hQr2KO3WskcIaQ\" target=\"_blank\">\n\t\t\t\t\t\t<span class=\"elementor-screen-only\">YouTube<\/span>\n\t\t\t\t\t\t<i aria-hidden=\"true\" class=\"fab fa-youtube\"><\/i>\t\t\t\t\t<\/a>\n\t\t\t\t<\/span>\n\t\t\t\t\t\t\t<span class=\"elementor-grid-item\" role=\"listitem\">\n\t\t\t\t\t<a class=\"elementor-icon elementor-social-icon elementor-social-icon-spotify elementor-animation-float elementor-repeater-item-7f253d5\" href=\"https:\/\/open.spotify.com\/artist\/6JztX6BHu55DACnyO6EMQ2\" target=\"_blank\">\n\t\t\t\t\t\t<span class=\"elementor-screen-only\">Spotify<\/span>\n\t\t\t\t\t\t<i aria-hidden=\"true\" class=\"fab fa-spotify\"><\/i>\t\t\t\t\t<\/a>\n\t\t\t\t<\/span>\n\t\t\t\t\t\t\t<span class=\"elementor-grid-item\" role=\"listitem\">\n\t\t\t\t\t<a class=\"elementor-icon elementor-social-icon elementor-social-icon-soundcloud elementor-animation-float elementor-repeater-item-a092264\" href=\"https:\/\/soundcloud.com\/magdaleneblue\" target=\"_blank\">\n\t\t\t\t\t\t<span class=\"elementor-screen-only\">nube de sonido<\/span>\n\t\t\t\t\t\t<i aria-hidden=\"true\" class=\"fab fa-soundcloud\"><\/i>\t\t\t\t\t<\/a>\n\t\t\t\t<\/span>\n\t\t\t\t\t<\/div>\n\t\t\t\t\t\t<\/div>\n\t\t\t\t<\/div>\n\t\t\t\t\t<\/div>\n\t\t<\/div>\n\t\t\t\t\t<\/div>\n\t\t<\/section>\n\t\t\t\t\t<\/div>\n\t\t<\/div>\n\t\t\t\t\t<\/div>\n\t\t<\/section>\n\t\t\t\t<\/div>","protected":false},"excerpt":{"rendered":"<p>Haga clic en el bot\u00f3n para cargar el contenido de Spotify. Cargar el contenido Magdalene Blue Acoustic I had been invited to Nashville to do a showcase at a music conference and I wasn&#8217;t going to go empty-handed, so I recorded this demo to have as a business card, like in the old days, right?&nbsp; [&hellip;]<\/p>\n","protected":false},"author":1,"featured_media":1278,"parent":0,"menu_order":8,"comment_status":"closed","ping_status":"closed","template":"","meta":{"footnotes":""},"class_list":["post-893","page","type-page","status-publish","has-post-thumbnail","hentry"],"yoast_head":"<!-- This site is optimized with the Yoast SEO plugin v27.4 - https:\/\/yoast.com\/product\/yoast-seo-wordpress\/ -->\n<title>Acoustic - Magdalene Blue<\/title>\n<meta name=\"description\" content=\"Magdalene Blue Acoustic: The raw and intimate sound of Magdalene Blue. Experience her soulful melodies and lyrics in this acoustic rendition.\" \/>\n<meta name=\"robots\" content=\"index, follow, max-snippet:-1, max-image-preview:large, max-video-preview:-1\" \/>\n<link rel=\"canonical\" href=\"https:\/\/www.magdaleneblue.com\/es\/acustico\/\" \/>\n<meta property=\"og:locale\" content=\"es_ES\" \/>\n<meta property=\"og:type\" content=\"article\" \/>\n<meta property=\"og:title\" content=\"Acoustic - Magdalene Blue\" \/>\n<meta property=\"og:description\" content=\"Magdalene Blue Acoustic: The raw and intimate sound of Magdalene Blue. Experience her soulful melodies and lyrics in this acoustic rendition.\" \/>\n<meta property=\"og:url\" content=\"https:\/\/www.magdaleneblue.com\/es\/acustico\/\" \/>\n<meta property=\"og:site_name\" content=\"Magdalene Blue\" \/>\n<meta property=\"article:modified_time\" content=\"2025-05-25T13:04:19+00:00\" \/>\n<meta property=\"og:image\" content=\"https:\/\/www.magdaleneblue.com\/wp-content\/uploads\/2023\/11\/whatsapp-image-22023-11-17-600ppi.jpg\" \/>\n\t<meta property=\"og:image:width\" content=\"657\" \/>\n\t<meta property=\"og:image:height\" content=\"455\" \/>\n\t<meta property=\"og:image:type\" content=\"image\/jpeg\" \/>\n<meta name=\"twitter:card\" content=\"summary_large_image\" \/>\n<meta name=\"twitter:site\" content=\"@magdalenebluemu\" \/>\n<script type=\"application\/ld+json\" class=\"yoast-schema-graph\">{\"@context\":\"https:\\\/\\\/schema.org\",\"@graph\":[{\"@type\":\"WebPage\",\"@id\":\"https:\\\/\\\/www.magdaleneblue.com\\\/acoustic\\\/\",\"url\":\"https:\\\/\\\/www.magdaleneblue.com\\\/acoustic\\\/\",\"name\":\"Acoustic - Magdalene Blue\",\"isPartOf\":{\"@id\":\"https:\\\/\\\/www.magdaleneblue.com\\\/#website\"},\"primaryImageOfPage\":{\"@id\":\"https:\\\/\\\/www.magdaleneblue.com\\\/acoustic\\\/#primaryimage\"},\"image\":{\"@id\":\"https:\\\/\\\/www.magdaleneblue.com\\\/acoustic\\\/#primaryimage\"},\"thumbnailUrl\":\"https:\\\/\\\/www.magdaleneblue.com\\\/wp-content\\\/uploads\\\/2023\\\/11\\\/whatsapp-image-22023-11-17-600ppi.jpg\",\"datePublished\":\"2023-11-01T10:48:00+00:00\",\"dateModified\":\"2025-05-25T13:04:19+00:00\",\"description\":\"Magdalene Blue Acoustic: The raw and intimate sound of Magdalene Blue. Experience her soulful melodies and lyrics in this acoustic rendition.\",\"breadcrumb\":{\"@id\":\"https:\\\/\\\/www.magdaleneblue.com\\\/acoustic\\\/#breadcrumb\"},\"inLanguage\":\"es\",\"potentialAction\":[{\"@type\":\"ReadAction\",\"target\":[\"https:\\\/\\\/www.magdaleneblue.com\\\/acoustic\\\/\"]}]},{\"@type\":\"ImageObject\",\"inLanguage\":\"es\",\"@id\":\"https:\\\/\\\/www.magdaleneblue.com\\\/acoustic\\\/#primaryimage\",\"url\":\"https:\\\/\\\/www.magdaleneblue.com\\\/wp-content\\\/uploads\\\/2023\\\/11\\\/whatsapp-image-22023-11-17-600ppi.jpg\",\"contentUrl\":\"https:\\\/\\\/www.magdaleneblue.com\\\/wp-content\\\/uploads\\\/2023\\\/11\\\/whatsapp-image-22023-11-17-600ppi.jpg\",\"width\":657,\"height\":455,\"caption\":\"Magdalene Blue\"},{\"@type\":\"BreadcrumbList\",\"@id\":\"https:\\\/\\\/www.magdaleneblue.com\\\/acoustic\\\/#breadcrumb\",\"itemListElement\":[{\"@type\":\"ListItem\",\"position\":1,\"name\":\"Inicio\",\"item\":\"https:\\\/\\\/www.magdaleneblue.com\\\/\"},{\"@type\":\"ListItem\",\"position\":2,\"name\":\"Acoustic\"}]},{\"@type\":\"WebSite\",\"@id\":\"https:\\\/\\\/www.magdaleneblue.com\\\/#website\",\"url\":\"https:\\\/\\\/www.magdaleneblue.com\\\/\",\"name\":\"Magdalene Blue\",\"description\":\"A classically-trained singer and songwriter\",\"publisher\":{\"@id\":\"https:\\\/\\\/www.magdaleneblue.com\\\/#organization\"},\"potentialAction\":[{\"@type\":\"SearchAction\",\"target\":{\"@type\":\"EntryPoint\",\"urlTemplate\":\"https:\\\/\\\/www.magdaleneblue.com\\\/?s={search_term_string}\"},\"query-input\":{\"@type\":\"PropertyValueSpecification\",\"valueRequired\":true,\"valueName\":\"search_term_string\"}}],\"inLanguage\":\"es\"},{\"@type\":\"Organization\",\"@id\":\"https:\\\/\\\/www.magdaleneblue.com\\\/#organization\",\"name\":\"Magdalene Blue\",\"url\":\"https:\\\/\\\/www.magdaleneblue.com\\\/\",\"logo\":{\"@type\":\"ImageObject\",\"inLanguage\":\"es\",\"@id\":\"https:\\\/\\\/www.magdaleneblue.com\\\/#\\\/schema\\\/logo\\\/image\\\/\",\"url\":\"https:\\\/\\\/www.magdaleneblue.com\\\/wp-content\\\/uploads\\\/2023\\\/10\\\/image.png\",\"contentUrl\":\"https:\\\/\\\/www.magdaleneblue.com\\\/wp-content\\\/uploads\\\/2023\\\/10\\\/image.png\",\"width\":720,\"height\":720,\"caption\":\"Magdalene Blue\"},\"image\":{\"@id\":\"https:\\\/\\\/www.magdaleneblue.com\\\/#\\\/schema\\\/logo\\\/image\\\/\"},\"sameAs\":[\"https:\\\/\\\/x.com\\\/magdalenebluemu\",\"https:\\\/\\\/www.instagram.com\\\/magdaleneblue\\\/\"]}]}<\/script>\n<!-- \/ Yoast SEO plugin. -->","yoast_head_json":{"title":"Acoustic - Magdalene Blue","description":"Magdalene Blue Acoustic: El sonido crudo e \u00edntimo de Magdalene Blue. Experimente sus conmovedoras melod\u00edas y letras en esta interpretaci\u00f3n ac\u00fastica.","robots":{"index":"index","follow":"follow","max-snippet":"max-snippet:-1","max-image-preview":"max-image-preview:large","max-video-preview":"max-video-preview:-1"},"canonical":"https:\/\/www.magdaleneblue.com\/es\/acustico\/","og_locale":"es_ES","og_type":"article","og_title":"Acoustic - Magdalene Blue","og_description":"Magdalene Blue Acoustic: The raw and intimate sound of Magdalene Blue. Experience her soulful melodies and lyrics in this acoustic rendition.","og_url":"https:\/\/www.magdaleneblue.com\/es\/acustico\/","og_site_name":"Magdalene Blue","article_modified_time":"2025-05-25T13:04:19+00:00","og_image":[{"width":657,"height":455,"url":"https:\/\/www.magdaleneblue.com\/wp-content\/uploads\/2023\/11\/whatsapp-image-22023-11-17-600ppi.jpg","type":"image\/jpeg"}],"twitter_card":"summary_large_image","twitter_site":"@magdalenebluemu","schema":{"@context":"https:\/\/schema.org","@graph":[{"@type":"WebPage","@id":"https:\/\/www.magdaleneblue.com\/acoustic\/","url":"https:\/\/www.magdaleneblue.com\/acoustic\/","name":"Acoustic - Magdalene Blue","isPartOf":{"@id":"https:\/\/www.magdaleneblue.com\/#website"},"primaryImageOfPage":{"@id":"https:\/\/www.magdaleneblue.com\/acoustic\/#primaryimage"},"image":{"@id":"https:\/\/www.magdaleneblue.com\/acoustic\/#primaryimage"},"thumbnailUrl":"https:\/\/www.magdaleneblue.com\/wp-content\/uploads\/2023\/11\/whatsapp-image-22023-11-17-600ppi.jpg","datePublished":"2023-11-01T10:48:00+00:00","dateModified":"2025-05-25T13:04:19+00:00","description":"Magdalene Blue Acoustic: El sonido crudo e \u00edntimo de Magdalene Blue. Experimente sus conmovedoras melod\u00edas y letras en esta interpretaci\u00f3n ac\u00fastica.","breadcrumb":{"@id":"https:\/\/www.magdaleneblue.com\/acoustic\/#breadcrumb"},"inLanguage":"es","potentialAction":[{"@type":"ReadAction","target":["https:\/\/www.magdaleneblue.com\/acoustic\/"]}]},{"@type":"ImageObject","inLanguage":"es","@id":"https:\/\/www.magdaleneblue.com\/acoustic\/#primaryimage","url":"https:\/\/www.magdaleneblue.com\/wp-content\/uploads\/2023\/11\/whatsapp-image-22023-11-17-600ppi.jpg","contentUrl":"https:\/\/www.magdaleneblue.com\/wp-content\/uploads\/2023\/11\/whatsapp-image-22023-11-17-600ppi.jpg","width":657,"height":455,"caption":"Magdalene Blue"},{"@type":"BreadcrumbList","@id":"https:\/\/www.magdaleneblue.com\/acoustic\/#breadcrumb","itemListElement":[{"@type":"ListItem","position":1,"name":"Inicio","item":"https:\/\/www.magdaleneblue.com\/"},{"@type":"ListItem","position":2,"name":"Acoustic"}]},{"@type":"WebSite","@id":"https:\/\/www.magdaleneblue.com\/#website","url":"https:\/\/www.magdaleneblue.com\/","name":"Magdalene Blue","description":"Un cantante y compositor de formaci\u00f3n cl\u00e1sica.","publisher":{"@id":"https:\/\/www.magdaleneblue.com\/#organization"},"potentialAction":[{"@type":"SearchAction","target":{"@type":"EntryPoint","urlTemplate":"https:\/\/www.magdaleneblue.com\/?s={search_term_string}"},"query-input":{"@type":"PropertyValueSpecification","valueRequired":true,"valueName":"search_term_string"}}],"inLanguage":"es"},{"@type":"Organization","@id":"https:\/\/www.magdaleneblue.com\/#organization","name":"Magdalene Blue","url":"https:\/\/www.magdaleneblue.com\/","logo":{"@type":"ImageObject","inLanguage":"es","@id":"https:\/\/www.magdaleneblue.com\/#\/schema\/logo\/image\/","url":"https:\/\/www.magdaleneblue.com\/wp-content\/uploads\/2023\/10\/image.png","contentUrl":"https:\/\/www.magdaleneblue.com\/wp-content\/uploads\/2023\/10\/image.png","width":720,"height":720,"caption":"Magdalene Blue"},"image":{"@id":"https:\/\/www.magdaleneblue.com\/#\/schema\/logo\/image\/"},"sameAs":["https:\/\/x.com\/magdalenebluemu","https:\/\/www.instagram.com\/magdaleneblue\/"]}]}},"_links":{"self":[{"href":"https:\/\/www.magdaleneblue.com\/es\/wp-json\/wp\/v2\/pages\/893","targetHints":{"allow":["GET"]}}],"collection":[{"href":"https:\/\/www.magdaleneblue.com\/es\/wp-json\/wp\/v2\/pages"}],"about":[{"href":"https:\/\/www.magdaleneblue.com\/es\/wp-json\/wp\/v2\/types\/page"}],"author":[{"embeddable":true,"href":"https:\/\/www.magdaleneblue.com\/es\/wp-json\/wp\/v2\/users\/1"}],"replies":[{"embeddable":true,"href":"https:\/\/www.magdaleneblue.com\/es\/wp-json\/wp\/v2\/comments?post=893"}],"version-history":[{"count":23,"href":"https:\/\/www.magdaleneblue.com\/es\/wp-json\/wp\/v2\/pages\/893\/revisions"}],"predecessor-version":[{"id":2302,"href":"https:\/\/www.magdaleneblue.com\/es\/wp-json\/wp\/v2\/pages\/893\/revisions\/2302"}],"wp:featuredmedia":[{"embeddable":true,"href":"https:\/\/www.magdaleneblue.com\/es\/wp-json\/wp\/v2\/media\/1278"}],"wp:attachment":[{"href":"https:\/\/www.magdaleneblue.com\/es\/wp-json\/wp\/v2\/media?parent=893"}],"curies":[{"name":"gracias","href":"https:\/\/api.w.org\/{rel}","templated":true}]}}